{"id":876,"date":"2018-12-11T17:06:47","date_gmt":"2018-12-11T15:06:47","guid":{"rendered":"http:\/\/www.jomy.fi\/?page_id=876"},"modified":"2019-04-29T15:17:34","modified_gmt":"2019-04-29T12:17:34","slug":"tietosuojaseloste","status":"publish","type":"page","link":"https:\/\/www.jomy.fi\/index.php\/tietosuojaseloste\/","title":{"rendered":"Tietosuojaseloste"},"content":{"rendered":"<h2>Keit\u00e4 olemme<\/h2>\n<p>JoMY.fi on Joenkyl\u00e4n Mets\u00e4stysyhdistys ry:n virallinen www-sivusto.<\/p>\n<p>Verkkosivustomme osoite on: http:\/\/www.jomy.fi.<\/p>\n<h2>Mit\u00e4 henkil\u00f6tietoa ker\u00e4\u00e4mme ja miksi<\/h2>\n<h3>Kommentit<\/h3>\n<p>Kun sivuston k\u00e4ytt\u00e4j\u00e4t j\u00e4tt\u00e4v\u00e4t kommentteja sivustolle, ker\u00e4\u00e4mme kommenttilomakkeessa olevat tiedot, sek\u00e4 k\u00e4ytt\u00e4j\u00e4n IP-osoitteen ja selaimen versiotiedot roskaviestien tunnistamisen helpottamiseksi.<\/p>\n<p>Kun vierailijat j\u00e4tt\u00e4v\u00e4t kommentin t\u00e4lle sivustolle ker\u00e4\u00e4mme tiedon, joka on n\u00e4kyviss\u00e4 kommentointikentiss\u00e4, IP-osoitteen sek\u00e4 selaimen versioon liittyv\u00e4t tiedot. S\u00e4hk\u00f6postiosoitteesta luotu anonymisoitu hajautustieto (hash) voidaan l\u00e4hett\u00e4\u00e4 Gravatar-palveluun, jotta tiedet\u00e4\u00e4n onko kommentoija palvelun k\u00e4ytt\u00e4j\u00e4. Gravatar-palvelun tietosuojaseloste l\u00f6ytyy osoitteesta https:\/\/automattic.com\/privacy\/.<\/p>\n<h3>Media<\/h3>\n<p>Mik\u00e4li lataat kuvia t\u00e4lle sivustolle, sinun tulee v\u00e4ltt\u00e4\u00e4 sellaisten kuvien lataamista, joissa on tallennettu paikkatieto (EXIF GPS). Sivuston vierailijat voivat ladata ja katsoa paikkatietoa kuvista, joita sivustolla on.<\/p>\n<h3>Yhteydenottolomakkeet<\/h3>\n<p>Mit\u00e4\u00e4n yhteydenottolomakkeissa ja saalisilmoituslomakkeissa l\u00e4hett\u00e4mi\u00e4 yksil\u00f6it\u00e4vi\u00e4 tietoja ei luovuteta eteenp\u00e4in eik\u00e4 niit\u00e4 k\u00e4ytet\u00e4 markkinointitarkoituksiin. Lomakkeiden tiedot v\u00e4littyv\u00e4t sivuston lis\u00e4ksi my\u00f6s s\u00e4hk\u00f6postiviestein\u00e4 viestin l\u00e4hetyshetkell\u00e4 toimea hoitavalle sivuston yll\u00e4pit\u00e4j\u00e4lle ja yhdistyksen sihteerille ellei lomakkeessa toisin mainita.<\/p>\n<h3>Ev\u00e4steet<\/h3>\n<p>Jos j\u00e4t\u00e4t kommentin sivustolle, voit valita nimen, s\u00e4hk\u00f6postiosoitteen ja url-osoitteen tallennuksen ev\u00e4steeseen. T\u00e4m\u00e4 toiminto lis\u00e4\u00e4 k\u00e4ytt\u00f6mukavuutta, koska lomaketta ei tarvitse t\u00e4ytt\u00e4\u00e4 jokaisella kerralla uudelleen kommenttia lis\u00e4tess\u00e4. Ev\u00e4stetieto poistetaan selaimesta vuoden kuluttua.<\/p>\n<p>Mik\u00e4li sinulla on tili ja kirjaudut sivustolle asetamme v\u00e4liaikaisen ev\u00e4steen, joka p\u00e4\u00e4ttelee tukeeko selaimesi ev\u00e4steit\u00e4 vai ei. T\u00e4m\u00e4 ev\u00e4ste ei sis\u00e4ll\u00e4 henkil\u00f6tietoa ja se poistetaan kun selainikkuna suljetaan.<\/p>\n<p>Kun kirjaudut sis\u00e4\u00e4n asetamme useita ev\u00e4steit\u00e4, jotka tallentavat kirjautumis- sek\u00e4 n\u00e4ytt\u00f6asetuksesi. Kirjautumisev\u00e4steet poistetaan kahden vuorokauden kuluessa, n\u00e4ytt\u00f6asetuksiin liittyv\u00e4t ev\u00e4steet poistuvat vuoden p\u00e4\u00e4st\u00e4. Mik\u00e4li valitset \u201cMuista minut\u201d kirjautumisen yhteydess\u00e4, kirjautumistietojasi s\u00e4ilytet\u00e4\u00e4n kahden viikon ajan. Mik\u00e4li kirjaudut ulos, kirjautumiseen liittyv\u00e4t ev\u00e4steet poistetaan samassa yhteydess\u00e4.<\/p>\n<p>Mik\u00e4li julkaiset artikkelin tai muokkaat olemassa olevaa tallennamme selaimeen ev\u00e4steen, joka sis\u00e4lt\u00e4\u00e4 muokattavan artikkelin ID:n. Ev\u00e4ste vanhenee yhdess\u00e4 vuorokaudessa.<\/p>\n<h3>Muilta sivustoilta upotettu sis\u00e4lt\u00f6<\/h3>\n<p>T\u00e4m\u00e4n sivuston artikkelit voivat sis\u00e4lt\u00e4\u00e4 upotettua sis\u00e4lt\u00f6\u00e4 (esimerkiksi videoita, kuvia, artikkeleita jne.). Toisilta sivustoilta tuodun upotetun sis\u00e4ll\u00f6n avaaminen on verrattavissa siihen, ett\u00e4 vierailija itse k\u00e4visi kolmannen osapuolen sivustolla.<\/p>\n<p>N\u00e4m\u00e4 sivustot voivat ker\u00e4t\u00e4 tietoa sinusta, k\u00e4ytt\u00e4\u00e4 ev\u00e4steit\u00e4, upottaa kolmannen osapuolen seurantaev\u00e4steit\u00e4 ja monitoroida vuorovaikutustasi upotetun sis\u00e4ll\u00f6n kanssa, mukaan lukien vuorovaikutuksen seuranta jos ja kun olet kirjautunut k\u00e4ytt\u00e4j\u00e4n\u00e4 sivustolle.<\/p>\n<h3>Analytiikka<\/h3>\n<h2>Kenelle jaamme tietosi<\/h2>\n<h2>Kuinka kauan s\u00e4ilyt\u00e4mme tietoa<\/h2>\n<p>Mik\u00e4li j\u00e4t\u00e4t kommentin, kommenttia ja sen metatietoa s\u00e4ilytet\u00e4\u00e4n toistaiseksi. T\u00e4m\u00e4 tehd\u00e4\u00e4n siksi, ett\u00e4 voimme tunnistaa ja hyv\u00e4ksy\u00e4 seuraavat kommentit automaattisesti sen sijaan, ett\u00e4 s\u00e4ilytt\u00e4isimme ne moderointijonossa.<\/p>\n<p>Tallennamme rekister\u00f6ityneiden k\u00e4ytt\u00e4jien (jos sellaisia on) k\u00e4ytt\u00e4j\u00e4profiilien tiedot. Kaikilla k\u00e4ytt\u00e4jill\u00e4 on mahdollisuus n\u00e4hd\u00e4, muokata ja poistaa omia henkil\u00f6tietojaan milloin vain. Ainoastaan k\u00e4ytt\u00e4j\u00e4nime\u00e4 ei voi muuttaa. Verkkosivuston yll\u00e4pit\u00e4j\u00e4t voivat n\u00e4hd\u00e4 ja muokata k\u00e4ytt\u00e4j\u00e4profiilien tietoja.<\/p>\n<h2>Mit\u00e4 oikeuksia sinulla on omaan tietoosi<\/h2>\n<p>Mik\u00e4li sinulla on k\u00e4ytt\u00e4j\u00e4tili t\u00e4lle sivustolle tai olet j\u00e4tt\u00e4nyt kommentteja, voit pyyt\u00e4\u00e4 koostetiedostoa omista henkil\u00f6tiedoistasi, sis\u00e4lt\u00e4en kaiken henkil\u00f6tiedon, jonka olet meille antanut. Voit my\u00f6s pyyt\u00e4\u00e4 henkil\u00f6tietojesi poistoa. Oikeus omien tietojen poistoon ei koske sellaista henkil\u00f6tietoa, joka meid\u00e4n on s\u00e4ilytett\u00e4v\u00e4 yll\u00e4pidollisista, juridisista tai tietoturvaan liittyvist\u00e4 syist\u00e4.<\/p>\n<h2>Minne l\u00e4het\u00e4mme tietosi<\/h2>\n<p>Vierailijoiden kommentteja saatetaan tarkistaa automatisoidun roskapostiestopalvelun kautta.<\/p>\n<p><!--\n\n\n<h2>Omat yhteystietosi<\/h2>\n\n\n\n\n<h2>Lis\u00e4tiedot<\/h2>\n\n\n\n\n<h3>Kuinka suojelemme henkil\u00f6tietojasi<\/h3>\n\n\n\n\n<h3>Miten toimimme tietomurron tapahtuessa<\/h3>\n\n\n\n\n<h3>Kolmannet osapuolet, joilta saamme henkil\u00f6tietoa<\/h3>\n\n\n\n\n<h3>Henkil\u00f6tietoon liittyv\u00e4 automaattinen p\u00e4\u00e4t\u00f6ksenteko ja profilointi<\/h3>\n\n\n\n\n<h3>Toimialaan liittyv\u00e4 lains\u00e4\u00e4d\u00e4nt\u00f6<\/h3>\n\n\n--><\/p>\n","protected":false},"excerpt":{"rendered":"<p>Keit\u00e4 olemme JoMY.fi on Joenkyl\u00e4n Mets\u00e4stysyhdistys ry:n virallinen www-sivusto. Verkkosivustomme osoite on: http:\/\/www.jomy.fi. Mit\u00e4 henkil\u00f6tietoa ker\u00e4\u00e4mme ja miksi Kommentit Kun sivuston k\u00e4ytt\u00e4j\u00e4t j\u00e4tt\u00e4v\u00e4t kommentteja sivustolle, ker\u00e4\u00e4mme kommenttilomakkeessa olevat tiedot, sek\u00e4 k\u00e4ytt\u00e4j\u00e4n IP-osoitteen ja selaimen versiotiedot roskaviestien tunnistamisen helpottamiseksi. Kun vierailijat j\u00e4tt\u00e4v\u00e4t kommentin t\u00e4lle sivustolle ker\u00e4\u00e4mme tiedon, joka on n\u00e4kyviss\u00e4 kommentointikentiss\u00e4, IP-osoitteen sek\u00e4 selaimen versioon liittyv\u00e4t &hellip; <a href=\"https:\/\/www.jomy.fi\/index.php\/tietosuojaseloste\/\" class=\"more-link\">Jatka lukemista<span class=\"screen-reader-text\"> &#8221;Tietosuojaseloste&#8221;<\/span><\/a><\/p>\n","protected":false},"author":1,"featured_media":0,"parent":0,"menu_order":0,"comment_status":"closed","ping_status":"closed","template":"","meta":{"jetpack_post_was_ever_published":false,"footnotes":""},"class_list":["post-876","page","type-page","status-publish","hentry"],"jetpack_shortlink":"https:\/\/wp.me\/P73y4x-e8","jetpack-related-posts":[{"id":27,"url":"https:\/\/www.jomy.fi\/index.php\/saalisilmoitus\/","url_meta":{"origin":876,"position":0},"title":"Saalisilmoitus","author":"Simo Hakala","date":"joulukuun 20. 2015","format":false,"excerpt":"Ilmoita allaolevaan lomakkeeseen tietosi ja valitse saalisel\u00e4invalikosta saalislajisi. Jos sait useamman samaa lajia, valitse lukum\u00e4\u00e4r\u00e4 lajin vierest\u00e4. Ellei saalislajiasi ole listalla, valitse lajiksi Muu ja kirjoita viestikentt\u00e4\u00e4n tarkemmat tiedot. Muistathan lopuksi painaa L\u00e4het\u00e4-nappia!","rel":"","context":"Samankaltainen artikkeli","block_context":{"text":"Samankaltainen artikkeli","link":""},"img":{"alt_text":"","src":"","width":0,"height":0},"classes":[]},{"id":762,"url":"https:\/\/www.jomy.fi\/index.php\/saannot\/","url_meta":{"origin":876,"position":1},"title":"S\u00e4\u00e4nn\u00f6t","author":"Simo Hakala","date":"tammikuun 20. 2018","format":false,"excerpt":"Joenkyl\u00e4n Mets\u00e4stysyhdistys ry:n s\u00e4\u00e4nn\u00f6t 1\u00a7 Yhdistyksen nimi 2\u00a7 Yhdistyksen tarkoitus 3\u00a7 Yhdistyksen toimintamuodot 4\u00a7 Yhdistyksen j\u00e4senet 5\u00a7 J\u00e4senen velvoitteet ja maksut 6\u00a7 Yhdistyksest\u00e4 eroaminen 7\u00a7 Yhdistyksest\u00e4 erottaminen 8\u00a7 Yhdistyksen varsinaiset ja ylim\u00e4\u00e4r\u00e4iset kokoukset 9\u00a7 Talvikokousasiat 10\u00a7 Kes\u00e4kokousasiat 11\u00a7 Yhdistyksen ylim\u00e4\u00e4r\u00e4inen kokous 12\u00a7 P\u00f6yt\u00e4kirjan pit\u00e4minen 13\u00a7 Yhdistyksen p\u00e4\u00e4t\u00f6ksentekoj\u00e4rjestys 14\u00a7 Yhdistyksen tili-\u2026","rel":"","context":"Samankaltainen artikkeli","block_context":{"text":"Samankaltainen artikkeli","link":""},"img":{"alt_text":"","src":"","width":0,"height":0},"classes":[]},{"id":20,"url":"https:\/\/www.jomy.fi\/index.php\/linkkeja\/","url_meta":{"origin":876,"position":2},"title":"Linkkej\u00e4","author":"Simo Hakala","date":"joulukuun 20. 2015","format":false,"excerpt":"Suomen Riistakeskus Suomen Mets\u00e4st\u00e4j\u00e4liitto \u00a0\u00a0\u00a0 Suomen suurin vapaaehtoiseen j\u00e4senyyteen perustuva mets\u00e4st\u00e4jien etuj\u00e4rjest\u00f6 Eralle.net \u00a0\u00a0\u00a0 Suomen suurin ja aktiivisin mets\u00e4stysfoorumi Metsastys.com \u00a0\u00a0\u00a0 mets\u00e4stysportaali \u00a0 Jousimets\u00e4stys Sievin Jousimets\u00e4st\u00e4j\u00e4t ry (SJM) Perinnejousimets\u00e4st\u00e4j\u00e4in Liitto (PML) Suomen Jousimets\u00e4st\u00e4j\u00e4in Liitto ry (SJML) European Bowhunting Federation (EBF) National Bowhunter Education Foundation (NBEF) \u00a0 Voit ehdottaa lis\u00e4\u00e4 linkkivinkkej\u00e4\u2026","rel":"","context":"Samankaltainen artikkeli","block_context":{"text":"Samankaltainen artikkeli","link":""},"img":{"alt_text":"","src":"","width":0,"height":0},"classes":[]}],"jetpack_sharing_enabled":true,"_links":{"self":[{"href":"https:\/\/www.jomy.fi\/index.php\/wp-json\/wp\/v2\/pages\/876","targetHints":{"allow":["GET"]}}],"collection":[{"href":"https:\/\/www.jomy.fi\/index.php\/wp-json\/wp\/v2\/pages"}],"about":[{"href":"https:\/\/www.jomy.fi\/index.php\/wp-json\/wp\/v2\/types\/page"}],"author":[{"embeddable":true,"href":"https:\/\/www.jomy.fi\/index.php\/wp-json\/wp\/v2\/users\/1"}],"replies":[{"embeddable":true,"href":"https:\/\/www.jomy.fi\/index.php\/wp-json\/wp\/v2\/comments?post=876"}],"version-history":[{"count":4,"href":"https:\/\/www.jomy.fi\/index.php\/wp-json\/wp\/v2\/pages\/876\/revisions"}],"predecessor-version":[{"id":971,"href":"https:\/\/www.jomy.fi\/index.php\/wp-json\/wp\/v2\/pages\/876\/revisions\/971"}],"wp:attachment":[{"href":"https:\/\/www.jomy.fi\/index.php\/wp-json\/wp\/v2\/media?parent=876"}],"curies":[{"name":"wp","href":"https:\/\/api.w.org\/{rel}","templated":true}]}}