{"id":826,"date":"2018-02-23T15:01:45","date_gmt":"2018-02-23T13:01:45","guid":{"rendered":"http:\/\/www.jomy.fi\/?page_id=826"},"modified":"2025-09-09T20:33:10","modified_gmt":"2025-09-09T17:33:10","slug":"arkisto","status":"publish","type":"page","link":"https:\/\/www.jomy.fi\/index.php\/arkisto\/","title":{"rendered":"Arkisto"},"content":{"rendered":"<h2>Tiedotteet<\/h2>\n<ul>\n<li><a href=\"http:\/\/www.jomy.fi\/wp-content\/uploads\/2019\/02\/hirvi207.pdf\">16.3.2019 hirvikokouksen esityslista<\/a>, julkaistu etusivulla 21.2.2019<\/li>\n<li><a href=\"http:\/\/www.jomy.fi\/wp-content\/uploads\/2018\/02\/tiedote_2018-1.pdf\">Tiedote 1\/2018<\/a>, pdf-tiedosto, julkaistu etusivulla 22.2.2018<\/li>\n<\/ul>\n<h2>P\u00f6yt\u00e4kirjat<\/h2>\n<ul>\n<li><a href=\"http:\/\/www.jomy.fi\/wp-content\/uploads\/2025\/09\/Kesakokous-poytakirja-20251.pdf\">8.8.2025 kes\u00e4kokouksen p\u00f6yt\u00e4kirja<\/a>, julkaistu etusivulla 9.9.2025<\/li>\n<li><a href=\"http:\/\/www.jomy.fi\/wp-content\/uploads\/2025\/09\/Kokouspoytakirja-Talvikokous-2025.pdf\">31.1.2025 talvikokouksen p\u00f6yt\u00e4kirja<\/a>, julkaistu etusivulla 9.9.2025<\/li>\n<li><a href=\"http:\/\/www.jomy.fi\/wp-content\/uploads\/2024\/08\/Kesakokous-poytakirja-2024.pdf\">9.8.2024 kes\u00e4kokouksen p\u00f6yt\u00e4kirja<\/a>, julkaistu etusivulla 16.8.2024<\/li>\n<li><a href=\"http:\/\/www.jomy.fi\/wp-content\/uploads\/2021\/06\/20210611_kesakokous.pdf\">11.6.2021 kes\u00e4kokouksen p\u00f6yt\u00e4kirja<\/a>, julkaistu etusivulla 28.6.2021<\/li>\n<li><a href=\"http:\/\/www.jomy.fi\/wp-content\/uploads\/2020\/08\/2020-07-31_kesakokous.pdf\">31.7.2020 kes\u00e4kokouksen p\u00f6yt\u00e4kirja<\/a>, julkaistu etusivulla 9.8.2020<\/li>\n<li><a href=\"http:\/\/www.jomy.fi\/wp-content\/uploads\/2020\/02\/talvikokous_poytakirja_2020.pdf\">31.1.2020 talvikokouksen p\u00f6yt\u00e4kirja<\/a>, julkaistu etusivulla 4.2.2020<\/li>\n<li><a href=\"http:\/\/www.jomy.fi\/wp-content\/uploads\/2019\/07\/20190726_kesakokous_poytakirja.pdf\">26.7.2019 kes\u00e4kokouksen p\u00f6yt\u00e4kirja<\/a>, julkaistu etusivulla 28.7.2019<\/li>\n<li><a href=\"http:\/\/www.jomy.fi\/wp-content\/uploads\/2019\/01\/20190125_talvikokous_poytakirja.pdf\">25.1.2019 talvikokouksen p\u00f6yt\u00e4kirja<\/a>, julkaistu etusivulla 30.1.2019<\/li>\n<li><a href=\"http:\/\/www.jomy.fi\/wp-content\/uploads\/2018\/07\/20180727_kesakokous_poytakirja.pdf\">27.7.2018 kes\u00e4kokouksen p\u00f6yt\u00e4kirja<\/a>, julkaistu etusivulla 29.7.2018<\/li>\n<\/ul>\n\n","protected":false},"excerpt":{"rendered":"<p>Tiedotteet 16.3.2019 hirvikokouksen esityslista, julkaistu etusivulla 21.2.2019 Tiedote 1\/2018, pdf-tiedosto, julkaistu etusivulla 22.2.2018 P\u00f6yt\u00e4kirjat 8.8.2025 kes\u00e4kokouksen p\u00f6yt\u00e4kirja, julkaistu etusivulla 9.9.2025 31.1.2025 talvikokouksen p\u00f6yt\u00e4kirja, julkaistu etusivulla 9.9.2025 9.8.2024 kes\u00e4kokouksen p\u00f6yt\u00e4kirja, julkaistu etusivulla 16.8.2024 11.6.2021 kes\u00e4kokouksen p\u00f6yt\u00e4kirja, julkaistu etusivulla 28.6.2021 31.7.2020 kes\u00e4kokouksen p\u00f6yt\u00e4kirja, julkaistu etusivulla 9.8.2020 31.1.2020 talvikokouksen p\u00f6yt\u00e4kirja, julkaistu etusivulla 4.2.2020 26.7.2019 kes\u00e4kokouksen p\u00f6yt\u00e4kirja, julkaistu etusivulla &hellip; <a href=\"https:\/\/www.jomy.fi\/index.php\/arkisto\/\" class=\"more-link\">Jatka lukemista<span class=\"screen-reader-text\"> &#8221;Arkisto&#8221;<\/span><\/a><\/p>\n","protected":false},"author":1,"featured_media":0,"parent":0,"menu_order":0,"comment_status":"closed","ping_status":"closed","template":"","meta":{"jetpack_post_was_ever_published":false,"footnotes":""},"class_list":["post-826","page","type-page","status-publish","hentry"],"jetpack_shortlink":"https:\/\/wp.me\/P73y4x-dk","jetpack-related-posts":[],"jetpack_sharing_enabled":true,"_links":{"self":[{"href":"https:\/\/www.jomy.fi\/index.php\/wp-json\/wp\/v2\/pages\/826","targetHints":{"allow":["GET"]}}],"collection":[{"href":"https:\/\/www.jomy.fi\/index.php\/wp-json\/wp\/v2\/pages"}],"about":[{"href":"https:\/\/www.jomy.fi\/index.php\/wp-json\/wp\/v2\/types\/page"}],"author":[{"embeddable":true,"href":"https:\/\/www.jomy.fi\/index.php\/wp-json\/wp\/v2\/users\/1"}],"replies":[{"embeddable":true,"href":"https:\/\/www.jomy.fi\/index.php\/wp-json\/wp\/v2\/comments?post=826"}],"version-history":[{"count":8,"href":"https:\/\/www.jomy.fi\/index.php\/wp-json\/wp\/v2\/pages\/826\/revisions"}],"predecessor-version":[{"id":1212,"href":"https:\/\/www.jomy.fi\/index.php\/wp-json\/wp\/v2\/pages\/826\/revisions\/1212"}],"wp:attachment":[{"href":"https:\/\/www.jomy.fi\/index.php\/wp-json\/wp\/v2\/media?parent=826"}],"curies":[{"name":"wp","href":"https:\/\/api.w.org\/{rel}","templated":true}]}}