{"id":762,"date":"2018-01-20T10:31:54","date_gmt":"2018-01-20T08:31:54","guid":{"rendered":"http:\/\/www.jomy.fi\/?page_id=762"},"modified":"2018-01-20T10:31:54","modified_gmt":"2018-01-20T08:31:54","slug":"saannot","status":"publish","type":"page","link":"https:\/\/www.jomy.fi\/index.php\/saannot\/","title":{"rendered":"S\u00e4\u00e4nn\u00f6t"},"content":{"rendered":"<h2>Joenkyl\u00e4n Mets\u00e4stysyhdistys ry:n s\u00e4\u00e4nn\u00f6t<\/h2>\n<p><a href=\"#1\">1\u00a7 Yhdistyksen nimi<\/a><br \/>\n<a href=\"#2\">2\u00a7 Yhdistyksen tarkoitus<\/a><br \/>\n<a href=\"#3\">3\u00a7 Yhdistyksen toimintamuodot<\/a><br \/>\n<a href=\"#4\">4\u00a7 Yhdistyksen j\u00e4senet<\/a><br \/>\n<a href=\"#5\">5\u00a7 J\u00e4senen velvoitteet ja maksut<\/a><br \/>\n<a href=\"#6\">6\u00a7 Yhdistyksest\u00e4 eroaminen<\/a><br \/>\n<a href=\"#7\">7\u00a7 Yhdistyksest\u00e4 erottaminen<\/a><br \/>\n<a href=\"#8\">8\u00a7 Yhdistyksen varsinaiset ja ylim\u00e4\u00e4r\u00e4iset kokoukset<\/a><br \/>\n<a href=\"#9\">9\u00a7 Talvikokousasiat<\/a><br \/>\n<a href=\"#10\">10\u00a7 Kes\u00e4kokousasiat<\/a><br \/>\n<a href=\"#11\">11\u00a7 Yhdistyksen ylim\u00e4\u00e4r\u00e4inen kokous<\/a><br \/>\n<a href=\"#12\">12\u00a7 P\u00f6yt\u00e4kirjan pit\u00e4minen<\/a><br \/>\n<a href=\"#13\">13\u00a7 Yhdistyksen p\u00e4\u00e4t\u00f6ksentekoj\u00e4rjestys<\/a><br \/>\n<a href=\"#14\">14\u00a7 Yhdistyksen tili- ja toimintavuosi<\/a><br \/>\n<a href=\"#15\">15\u00a7 Yhdistyksen johtokunta ja sen erovuoroisuus<\/a><br \/>\n<a href=\"#16\">16\u00a7 P\u00e4\u00e4t\u00f6svaltaisuus<\/a><br \/>\n<a href=\"#17\">17\u00a7 Seuran nimenkirjoittajat<\/a><br \/>\n<a href=\"#18\">18\u00a7 Johtokunnan teht\u00e4v\u00e4t<\/a><br \/>\n<a href=\"#19\">19\u00a7 Yhdistyksen mets\u00e4styss\u00e4\u00e4nn\u00f6t ja hirviel\u00e4inten jahtis\u00e4\u00e4nn\u00f6t<\/a><br \/>\n<a href=\"#20\">20\u00a7 Yhdistyksen varojen ja arkiston siirto yhdistyksen purkautuessa<\/a><br \/>\n<a href=\"#21\">21\u00a7 Muuta<\/a><\/p>\n<p>&nbsp;<\/p>\n<h4>1\u00a7 yhdistyksen nimi<\/h4>\n<p>Yhdistyksen nimi on Joenkyl\u00e4n Mets\u00e4stysyhdistys ry ja kotipaikka on Sievin kunta.<\/p>\n<p><a href=\"#\">Takaisin sivun alkuun<\/a><br \/>\n<a id=\"2\"><\/a><\/p>\n<h4>2\u00a7 yhdistyksen tarkoitus<\/h4>\n<p>Yhdistyksen tarkoituksena on harjoittaa<\/p>\n<ol>\n<li>j\u00e4rkiper\u00e4ist\u00e4 mets\u00e4styst\u00e4;<\/li>\n<li>riistanhoito- ja luonnonsuojelutoimintaa<\/li>\n<li>mets\u00e4stysampumaurheilua ja<\/li>\n<li>kenneltoimintaa<\/li>\n<\/ol>\n<p><a href=\"#\">Takaisin sivun alkuun<\/a><br \/>\n<a id=\"3\"><\/a><\/p>\n<h4>3\u00a7 yhdistyksen toimintamuodot<\/h4>\n<p>Tarkoitustaan yhdistys toteuttaa<\/p>\n<ol>\n<li>hankkimalla k\u00e4ytt\u00f6\u00f6ns\u00e4 mets\u00e4stys- ja riistanhoitoalueita;<\/li>\n<li>suorittamalla riistanhoitot\u00f6it\u00e4;<\/li>\n<li>valvomalla mets\u00e4stys- ja riistanhoitoalueillaan tapahtuvaa mets\u00e4styst\u00e4;<\/li>\n<li>seuraamalla toimialueensa riistatilannetta;<\/li>\n<li>huolehtimalla luonnonsuojeluun liittyvist\u00e4 k\u00e4yt\u00e4nn\u00f6n toimista;<\/li>\n<li>kouluttamalla j\u00e4seni\u00e4\u00e4n;<\/li>\n<li>j\u00e4rjest\u00e4m\u00e4ll\u00e4 mets\u00e4stys- ja urheiluammunnan suoritus- ja kilpailutilaisuuksia, mit\u00e4 varten yhdistys rakentaa ja yll\u00e4pit\u00e4\u00e4 ampumarataa ja<\/li>\n<li>edist\u00e4\u00e4 mets\u00e4styskoiratoimintaa.<\/li>\n<\/ol>\n<p><a href=\"#\">Takaisin sivun alkuun<\/a><br \/>\n<a id=\"4\"><\/a><\/p>\n<h4>4\u00a7 yhdistyksen j\u00e4senet<\/h4>\n<p>Yhdistyksen <strong>maanomistajaj\u00e4seneksi<\/strong> voi johtokunta hyv\u00e4ksy\u00e4 maanomistajan, joka mets\u00e4stysvuokrasopimuksella luovuttaa mets\u00e4stysyhdistykselle mets\u00e4stykseen soveltuvan tilan mets\u00e4stysoikeuksilla.<br \/>\nJ\u00e4senyys kest\u00e4\u00e4 niin kauan, kuin t\u00e4llainen vuokrasopimus on voimassa. Maanomistaja voi siirt\u00e4\u00e4 mets\u00e4stysoikeutensa toiselle osapuolelle. Johtokunnan p\u00e4\u00e4t\u00f6ksell\u00e4 maanomistajaj\u00e4sen on erotettava tai maanomistajaj\u00e4senyys muutettava yhdistyksen muuksi j\u00e4senyydeksi mik\u00e4li ko. mets\u00e4stysalueiden omistusoikeus vaihtuu tai vuokrasopimus p\u00e4\u00e4ttyy tahi vuokrasopimus olennaisesti supistuu oikeuksiltaan.<\/p>\n<p>Yhdistyksen <strong>koej\u00e4seneksi<\/strong> voi johtokunta erillisen anomuksen perusteella valita hyv\u00e4maineisia, mets\u00e4styst\u00e4 ja siihen liittyvi\u00e4 j\u00e4rjest\u00f6toimintoja aktiivisesti harrastavia henkil\u00f6it\u00e4, joiden tarkoituksena on varsinaisiksi j\u00e4seniksi pyrkiminen.<br \/>\nJ\u00e4senanomuksessa tulee olla kunnia-, tai varsinaisena j\u00e4senen\u00e4 yhdistyksess\u00e4 ainakin kaksi vuotta toimineen kahden j\u00e4senen suositus.<\/p>\n<p>Koej\u00e4senyys kest\u00e4\u00e4 johtokunnan harkinnan mukaan enint\u00e4n kolme vuotta. T\u00e4m\u00e4n j\u00e4lkeen johtokunnan on p\u00e4\u00e4tett\u00e4v\u00e4 koej\u00e4senen hyv\u00e4ksymisest\u00e4 varsinaiseksi j\u00e4seneksi tai hylk\u00e4\u00e4misest\u00e4.<\/p>\n<p>Koej\u00e4senell\u00e4 on yhdistyksen alueilla mets\u00e4stysoikeus vuosittain vahvistettavan mets\u00e4styss\u00e4\u00e4nn\u00f6n puitteissa ja kokouksissa puhe- vaan ei \u00e4\u00e4nioikeutta sek\u00e4 yhdistyksen edustusoikeutta sek\u00e4 yhdistyksen edustusoikeus kilpailu- ja kenneltoiminnoissa.<\/p>\n<p><strong>Kunniaj\u00e4seneksi<\/strong> voidaan johtokunnan esityksest\u00e4 yhdistyksen kokouksen p\u00e4\u00e4t\u00f6ksell\u00e4 kutsua henkil\u00f6, joka on eritt\u00e4in huomattavasti edist\u00e4nyt yhdistyksen toimintaa. Kunniaj\u00e4senten arvo on elinik\u00e4inen.<\/p>\n<p>Saavutetut j\u00e4senoikeudet s\u00e4ilyv\u00e4t<\/p>\n<p><a href=\"#\">Takaisin sivun alkuun<\/a><br \/>\n<a id=\"5\"><\/a><\/p>\n<h4>5\u00a7 j\u00e4senen velvoitteet ja maksut<\/h4>\n<p>J\u00e4sen on velvollinen noudattamaan mets\u00e4styst\u00e4 harjoittaessaan ja muussa toiminnassaan yhdistyksen s\u00e4\u00e4nt\u00f6j\u00e4 ja p\u00e4\u00e4t\u00f6ksi\u00e4 sek\u00e4 suorittamaan yhdistykseen liittyess\u00e4\u00e4n <strong>liittymismaksun<\/strong> ja elokuun loppuun menness\u00e4 vuotuisen <strong>j\u00e4senmaksun<\/strong>, joiden suuruuden yhdistyksen talvikokous vuosittain m\u00e4\u00e4r\u00e4\u00e4.<br \/>\nKoej\u00e4senelt\u00e4 ei perit\u00e4 liittymismaksua, eik\u00e4 h\u00e4nell\u00e4 ole \u00e4\u00e4nioikeutta, muutoin koej\u00e4senell\u00e4 on samat oikeudet ja velvollisuudet kuin varsinaisella j\u00e4senell\u00e4.<br \/>\nVuosittaisen koe- ja maanomistajaj\u00e4senmaksun vahvistaa vuosikokous.<\/p>\n<p><strong>Riistanhoito- ja ilmoitusvelvoite<\/strong><\/p>\n<p>J\u00e4sen on my\u00f6s velvollinen<\/p>\n<ol>\n<li>suorittamaan riistanhoitoty\u00f6t\u00e4 v\u00e4hint\u00e4\u00e4n yhdistyksen talvikokouksen vuosittain vahvistaman riistanhoitovelvoitteen m\u00e4\u00e4r\u00e4n verran ja pit\u00e4m\u00e4\u00e4n luetteloa kaikista suorittamistaan riistanhoitotoimenpiteist\u00e4 sek\u00e4 pyyt\u00e4m\u00e4st\u00e4\u00e4n riistasta sek\u00e4;<\/li>\n<li>tekem\u00e4\u00e4n n\u00e4ist\u00e4 vuosittain ilmoituksen yhdstyksen johtokunnalle tai yhdistyksen riistanhoitojaostolle.<\/li>\n<\/ol>\n<p><strong>Riistanhoitovelvoitemaksu<\/strong><\/p>\n<p>J\u00e4sen, joka ei ota osaa riistahoitoty\u00f6h\u00f6n tai joka j\u00e4tt\u00e4\u00e4 tekem\u00e4tt\u00e4 edell\u00e4 mainitut ilmoitukset, on velvollinen suorittamaan yhdistykselle <strong>riistanhoitovelvoitemaksun<\/strong>, jonka suuruuden yhdistyksen talvikokous vuosittain vahvistaa. Riistanhoitovelvoitemaksuon suoritettava yhdistykselle taannehtivasti seuraavan kalenterivuoden j\u00e4senmaksuajankohdan yhteydess\u00e4.<br \/>\nYhdistyksen johtokunta voi erityisist\u00e4 syist\u00e4 (esim. ik\u00e4raja, sairaus tms.) vapauttaa j\u00e4senen riistanhoitovelvoitemaksun suorittamisesta joko osittain tai kokonaan.<\/p>\n<p><a href=\"#\">Takaisin sivun alkuun<\/a><br \/>\n<a id=\"6\"><\/a><\/p>\n<h4>6\u00a7 yhdistyksest\u00e4 eroaminen<\/h4>\n<p>J\u00e4senell\u00e4 on oikeus milloin tahansa erota yhdistyksest\u00e4 ilmoittamalla siit\u00e4 kirjallisesti yhdistyksen johtokunnalle tai sen puheenjohtajalle. J\u00e4sen voi my\u00f6s erota ilmoittamalla siit\u00e4 yhdistyksen kokouksessa p\u00f6yt\u00e4kirjaan merkitt\u00e4v\u00e4ksi.<\/p>\n<p><a href=\"#\">Takaisin sivun alkuun<\/a><br \/>\n<a id=\"7\"><\/a><\/p>\n<h4>7\u00a7 yhdistyksest\u00e4 erottaminen<\/h4>\n<p>Yhdistyksen johtokunta voi erottaa j\u00e4senen, joka<\/p>\n<ol>\n<li>laiminly\u00f6 n\u00e4iss\u00e4 s\u00e4\u00e4nn\u00f6iss\u00e4 mainittujen maksujen suorittamisen;<\/li>\n<li>toimii yhdistyksen s\u00e4\u00e4nt\u00f6jen ja hyvien mets\u00e4stystapojen vastaisesti;<\/li>\n<li>rikkoo mets\u00e4styst\u00e4 koskevia lakeja, asetuksia tai m\u00e4\u00e4r\u00e4yksi\u00e4 tai<\/li>\n<li>toimii yhdistyksen tarkoitusperien vastaisesti.<\/li>\n<\/ol>\n<p>Ennen p\u00e4\u00e4t\u00f6ksentekoa johtokunnan on varattava asianomaiselle j\u00e4senelle tilaisuus selityksen antamiseen asiassa, jollei erottamisen syyn\u00e4 ole n\u00e4iss\u00e4 s\u00e4\u00e4nn\u00f6iss\u00e4 mainittujen maksujen maksamatta j\u00e4tt\u00e4minen.<br \/>\nErotetulla on oikeus vedota yhdistyksen seuraavaan kokoukseen. Vetoomus on annettava tiedoksi <strong>kirjallisesti<\/strong> yhdistyksen johtokunnalle 30 p\u00e4iv\u00e4n kuluessa kirjallisen erottamisp\u00e4\u00e4t\u00f6ksen postitusp\u00e4iv\u00e4st\u00e4 po. p\u00e4iv\u00e4\u00e4 lukuunottamatta.<br \/>\nEllei vetoomusta esitet\u00e4 edell\u00e4 mainitussa j\u00e4rjestyksess\u00e4, tulkoon erottamisp\u00e4\u00e4t\u00f6s voimaan heti m\u00e4\u00e4r\u00e4ajan p\u00e4\u00e4tytty\u00e4. Muussa tapauksessa j\u00e4sen katsotaan erotetuksi vasta sitten, kun yhdistyksen kokous on vahvistanut erottamisp\u00e4\u00e4t\u00f6ksen.<br \/>\nEroava tai erotettu j\u00e4sen on velvollinen suorittamaan enne j\u00e4sensuhteensa lakkaamista h\u00e4nelle kuuluvat maksut, eik\u00e4 h\u00e4nell\u00e4 ole oikeutta saada mit\u00e4\u00e4n yhdistyksen kiinte\u00e4st\u00e4 tai irtaimesta omaisuudesta.<\/p>\n<p><a href=\"#\">Takaisin sivun alkuun<\/a><br \/>\n<a id=\"8\"><\/a><\/p>\n<h4>8\u00a7 yhdistyksen varsinaiset ja ylim\u00e4\u00e4r\u00e4iset kokoukset<\/h4>\n<p>Yhdistys pit\u00e4\u00e4 vuosittain kaksi varsinaista kokousta, joista <strong>talvikokous<\/strong> pidet\u00e4\u00e4n tammikuussa ja <strong>kes\u00e4kokous<\/strong> kes\u00e4-syyskuussa. Kokouksen paikan ja tarkemman ajan m\u00e4\u00e4r\u00e4\u00e4 johtokunta.<br \/>\nKutsu varsinaiseen ja ylim\u00e4\u00e4r\u00e4iseen yhdistyksen kokoukseen on saatettava j\u00e4senten tietooon v\u00e4hint\u00e4\u00e4n 7 p\u00e4iv\u00e4\u00e4 enne kokousta<\/p>\n<ol>\n<li>sanomalehti-ilmoituksella yhdistyksen varsinaisen kokouksen m\u00e4\u00e4r\u00e4\u00e4m\u00e4ss\u00e4 lehdess\u00e4 tai<\/li>\n<li>kirjallisena ilmoituksena j\u00e4senille.<\/li>\n<\/ol>\n<p><a href=\"#\">Takaisin sivun alkuun<\/a><br \/>\n<a id=\"9\"><\/a><\/p>\n<h4>9\u00a7 talvikokousasiat<\/h4>\n<p>Talvikokouksessa k\u00e4sitell\u00e4\u00e4n seuraavat asiat:<\/p>\n<ol>\n<li>Valitaan kokouksen puheenjohtaja, sihteeri, kaksi p\u00f6yt\u00e4kijrantarkastajaa ja kaksi \u00e4\u00e4ntenlaskijaa;<\/li>\n<li>Todetaan kokouksen laillisuus;<\/li>\n<li>Hyv\u00e4ksyt\u00e4\u00e4n ty\u00f6j\u00e4rjestys;<\/li>\n<li>Esitet\u00e4\u00e4n yhdistyksen toimintakertomus, tilinp\u00e4\u00e4t\u00f6s ja tilintarkastajien lausunto edelliselt\u00e4 vuodelta ja p\u00e4\u00e4tet\u00e4\u00e4n tilien hyv\u00e4ksymisest\u00e4 ja tilinp\u00e4\u00e4t\u00f6ksen vahvistamisesta;<\/li>\n<li>P\u00e4\u00e4tet\u00e4\u00e4n vstuuvapauden my\u00f6nt\u00e4misest\u00e4 johtokunnalle ja muille tilivelvollisille;<\/li>\n<li>Toimitetaan johtokunnan puheenjohtajan vaali;<\/li>\n<li>Toimitetaan johtokunnan j\u00e4senten vaali erovuoroisten tilalle;<\/li>\n<li>Toimitetaan kahden tilintarkastajan ja heid\u00e4n henkil\u00f6kohtaisten varamiestens\u00e4 vaali alkaneelle toimintavuodelle;<\/li>\n<li>Vahvistetaan toiminta- ja riistanhoitosuunnitelma alkanutta toimintavuotta varten ja m\u00e4\u00e4r\u00e4t\u00e4\u00e4n j\u00e4senten riistanhoitovelvoitteet sek\u00e4 p\u00e4\u00e4tet\u00e4\u00e4n mahdollisen riistanhoitovelvoitemaksun m\u00e4\u00e4r\u00e4\u00e4misest\u00e4 ja suuruudesta;<\/li>\n<li>P\u00e4\u00e4tet\u00e4\u00e4n yhdistyksen liittymis-, j\u00e4sen-, maanomistajaj\u00e4sen- ja koej\u00e4senmaksun suuruudesta;<\/li>\n<li>Vahvistetaan alkaneen vuoden tulo- ja menoarvio<\/li>\n<li>Valitaan tarvittavat toimikunnat, valiokunnat, jaostot ja ty\u00f6ryhm\u00e4t suorittamaan niille m\u00e4\u00e4r\u00e4ttyj\u00e4 johtokunnalle vastuullisia teht\u00e4vi\u00e4<\/li>\n<li>K\u00e4sitell\u00e4\u00e4n mahdolliset yhdistyksen j\u00e4senten erottamistapaukset, milloin yhdistyksen j\u00e4sen on s\u00e4\u00e4nt\u00f6jen 7\u00a7:n mukaan saattanut erottamisensa yhdistyksen kokouksen ratkaistavaksi.<\/li>\n<li>K\u00e4sitell\u00e4\u00e4n muut johtokunnan tai yhdistyksen j\u00e4senten johtokunnalle v\u00e4hint\u00e4\u00e4n kolme viikkoa ennen vuosikokousta esitt\u00e4m\u00e4t ja kokouskutsussa mainitut asiat;<\/li>\n<li>P\u00e4\u00e4tet\u00e4\u00e4n Siein riistanhoitoyhdistykselle teht\u00e4vist\u00e4 esityksist\u00e4.<\/li>\n<li>Keskustellaan muista mahdollisista esille tuleista asioista, joista ei kuitenkaan voida tehd\u00e4 p\u00e4\u00e4t\u00f6st\u00e4.<\/li>\n<\/ol>\n<p><a href=\"#\">Takaisin sivun alkuun<\/a><br \/>\n<a id=\"10\"><\/a><\/p>\n<h4>10\u00a7 kes\u00e4kokousasiat<\/h4>\n<p>Kes\u00e4kokouksessa p\u00e4\u00e4tet\u00e4\u00e4n yhdistyksen <strong>mets\u00e4stysj\u00e4rjestelyist\u00e4<\/strong>. Kokouksessa voidaan tehd\u00e4 p\u00e4\u00e4t\u00f6ksi\u00e4 my\u00f6s muista kokouskutsussa mainituista asioista.<\/p>\n<p><a href=\"#\">Takaisin sivun alkuun<\/a><br \/>\n<a id=\"11\"><\/a><\/p>\n<h4>11\u00a7 yhdistyksen ylim\u00e4\u00e4r\u00e4inen kokous<\/h4>\n<p>Yhdistyksen ylim\u00e4\u00e4r\u00e4inen kokous on pidett\u00e4v\u00e4, kun yhdistyksen kokous niin p\u00e4\u00e4tt\u00e4\u00e4 tai johtokunta katsoo siihen olevan aihetta taikka v\u00e4hint\u00e4\u00e4n yksi kymmenesosa (1\/10) yhdistyksen \u00e4\u00e4nioikeutetuista j\u00e4senist\u00e4 sit\u00e4 ilmoittamansa asian k\u00e4sittely\u00e4 varten vaatii.<br \/>\nJ\u00e4lkimm\u00e4isess\u00e4 tapauksessa vaatimus kokouksen pit\u00e4misest\u00e4 on esitett\u00e4v\u00e4 kirjallisesti yhdistyksen johtokunnalle. Ylim\u00e4\u00e4r\u00e4inen kokous on pidett\u00e4v\u00e4 kahden kuukauden kuluessa vaatimuksen esitt\u00e4misest\u00e4. Kokouskutsusta on voimassa, mit\u00e4 s\u00e4\u00e4nt\u00f6jen 8\u00a7:ss\u00e4 on m\u00e4\u00e4r\u00e4tty.<\/p>\n<p><a href=\"#\">Takaisin sivun alkuun<\/a><br \/>\n<a id=\"12\"><\/a><\/p>\n<h4>12\u00a7 p\u00f6yt\u00e4kirjan pit\u00e4minen<\/h4>\n<p>Yhdistyksen, sen johtokunnan, toimikuntien, jaostojen ja valiokuntien kokouksissa on pidett\u00e4v\u00e4 p\u00f6yt\u00e4kirjaa. Yhdistyksen kokouksen p\u00f6yt\u00e4kirjat on kokouksen puheenjohtajan ja sihteerin allekirjoitettava sek\u00e4 valittujen tarkastajien tarkastettava.<\/p>\n<p><a href=\"#\">Takaisin sivun alkuun<\/a><br \/>\n<a id=\"13\"><\/a><\/p>\n<h4>13\u00a7 yhdistyksen p\u00e4\u00e4t\u00f6ksentekoj\u00e4rjestys<\/h4>\n<p>Yhdistyksen p\u00e4\u00e4t\u00f6kset tehd\u00e4\u00e4n <strong>yksinkertaisella \u00e4\u00e4ntenenemmist\u00f6ll\u00e4<\/strong>. \u00c4\u00e4nten sattuessa tasan ratkaisee puheenjohtajan \u00e4\u00e4ni paitsi vaaleissa arpa. Jokaisella liittymismaksunsa ja kokoukseen menness\u00e4 j\u00e4senmaksunsa maksaneella j\u00e4senell\u00e4 on yksi \u00e4\u00e4ni, valtakirjalla ei saa \u00e4\u00e4nest\u00e4\u00e4. S\u00e4\u00e4nt\u00f6jen muuttamisesta, yhdistyksen purkamisesta tai yhdistyksen omaisuuden p\u00e4\u00e4osan luovuttamista koskevassa asiassa yhdistyksen p\u00e4\u00e4t\u00f6kseksi tulee se mielipide, jota on kannattanut <strong>v\u00e4hint\u00e4\u00e4n kolme nelj\u00e4sosaa (3\/4) \u00e4\u00e4nestyksess\u00e4 annetuista \u00e4\u00e4nist\u00e4<\/strong>.<\/p>\n<p><a href=\"#\">Takaisin sivun alkuun<\/a><br \/>\n<a id=\"14\"><\/a><\/p>\n<h4>14\u00a7 yhdistyksen tili- ja toimintavuosi<\/h4>\n<p>Yhdistyksen tili- ja toimintavuosi on <strong>kalenterivuosi<\/strong>. Johtokunnan tulee luovuttaa tilit ja tilinp\u00e4\u00e4t\u00f6s tilintarkastajille v\u00e4hint\u00e4\u00e4n kolmea (3) viikkoa ennen talvikokousta. Tilintarkastajien on annettava lausuntonsa johtokunnalle viimeist\u00e4\u00e4n kahta (2) viikkoa enne talvikokousta.<\/p>\n<p><a href=\"#\">Takaisin sivun alkuun<\/a><br \/>\n<a id=\"15\"><\/a><\/p>\n<h4>15\u00a7 yhdistyksen johtokunta ja sen erovuoroisuus<\/h4>\n<p>Yhdistyksen toimintaa johtaa ja sen taloudenhoidosta sek\u00e4 omaisuudesta huolehtii ja vastaa sek\u00e4 yhdistyst\u00e4 edustaa talvikokouksessa valitsema johtokunta. Johtokuntaan kuuluu yhdeksi vuodeksi valittu puheenjohtaja ja kahdeksi vuodeksi valitut kahdeksan (8) j\u00e4sent\u00e4. Johtokunnan j\u00e4senist\u00e4 on vuosittain erovuorossa puolet. Ensimm\u00e4isell\u00e4 kerralla eroaa arvan perusteella puolet johtokunnan j\u00e4senist\u00e4. T\u00e4m\u00e4n j\u00e4lkeen erovuoroisuus m\u00e4\u00e4r\u00e4ytyy vuoron mukaan. Jos j\u00e4sen kesken toimikauttaan estyy teht\u00e4viens\u00e4 hoitamisesta, yhdistyksen kokous valitsee h\u00e4nen tilalleen j\u00e4ljell\u00e4 olevaksi toimikaudeksi uuden j\u00e4senen, mik\u00e4li katsoo sen tarpeelliseksi. Johtokunta valitsee t\u00e4ysi-ik\u00e4isten j\u00e4sentens\u00e4 keskuudesta varapuheenjohtajan sek\u00e4 lis\u00e4ksi sihteerin ja taloudenhoitajan, joka voidaan valita my\u00f6s johtokunnan ulkopuolelta.<br \/>\nJohtokunta kokoontuu puheenjohtajan tai h\u00e4nen ollessa estynyt, varapuheenjohtajan kutsusta, milloin n\u00e4m\u00e4 katsovat kokouksen tarpeelliseksi, tai kun puolet johtokunnan j\u00e4senist\u00e4 sit\u00e4 kirjallisesti heilt\u00e4 vaatii.<\/p>\n<p><a href=\"#\">Takaisin sivun alkuun<\/a><br \/>\n<a id=\"16\"><\/a><\/p>\n<h4>16\u00a7 p\u00e4\u00e4t\u00f6svaltaisuus<\/h4>\n<p>Johtokunta on p\u00e4\u00e4t\u00f6svaltainen silloin, kun puheenjohtaja tai h\u00e4nen estyneen ollessaan varapuheenjohtaja sek\u00e4 v\u00e4hint\u00e4\u00e4n puolet muista j\u00e4senist\u00e4 on saapuvilla.<br \/>\nJ\u00e4senvalinnoissa tulee olla koko johtokunnan yksimielinen p\u00e4\u00e4t\u00f6s.<\/p>\n<p><a href=\"#\">Takaisin sivun alkuun<\/a><br \/>\n<a id=\"17\"><\/a><\/p>\n<h4>17\u00a7 seuran nimenkirjoittajat<\/h4>\n<p>Seuran nimen kirjoittaa puheenjohtaja tai varapuheenjohtaja tai sihteeri kukin erikseen.<\/p>\n<p><a href=\"#\">Takaisin sivun alkuun<\/a><br \/>\n<a id=\"18\"><\/a><\/p>\n<h4>18\u00a7 johtokunnan teht\u00e4v\u00e4t<\/h4>\n<p>Johtokunnan teht\u00e4v\u00e4n\u00e4 on erityisesti<\/p>\n<ol>\n<li>toimia yhdistyksen ylimp\u00e4n\u00e4 toimeenpanevana ja valvovana elimen\u00e4 niin, ett\u00e4 yhdistyksen tarkoituksen ja tavoitteiden mukaiset toiminnot toteutetaan suunnitelmien mukaisesti;<\/li>\n<li>olla vastuussa yhdistyksen toiminnasta lakien ja asetusten mukaisesti;<\/li>\n<li>suunnitella ja kehitt\u00e4\u00e4 yhdistyksen kokonaistoimintaa sek\u00e4 johtaa yhdistyksen toimintaa sen tarkoituksen ja tavoitteideen mukaisesti;<\/li>\n<li>vahvistaa teht\u00e4v\u00e4njako keskuudessaan;<\/li>\n<li>vastata yhdistyksen ulkopuolelle suuntautuvasta toiminnasta;<\/li>\n<li>vastata j\u00e4senliittojen ja piirien s\u00e4\u00e4nt\u00f6jen ja ohjeiden yhdistykselle asettamista velvoitteista;<\/li>\n<li>toimittaa riistanhoitoyhdistykselle pyydetyt toimintatiedot;<\/li>\n<li>vastata yhdistyksen kokousten antamista velvoitteista;<\/li>\n<li>pit\u00e4\u00e4 yhdistyksen j\u00e4senluetteloa;<\/li>\n<li>hoitaa huolellisesti yhdistyksen taloutta ja omaisuutta;<\/li>\n<li>hoitaa yhdistyksen tiedotustoimintaa;<\/li>\n<li>hyv\u00e4ksy\u00e4 ja erottaa j\u00e4senet;<\/li>\n<li>tehd\u00e4 esityksi\u00e4 yhdistyksen ansiomerkkien ja huomionosoitusten my\u00f6nt\u00e4misest\u00e4 sek\u00e4 muista huomionosoituksista;<\/li>\n<li>tehd\u00e4 mets\u00e4stysvuokra- ja muut mets\u00e4stysalueiden k\u00e4ytt\u00f6\u00e4 koskevat sopimukset sek\u00e4<\/li>\n<li>ryhty\u00e4 kaikkiin toimenpiteisiin, joita yhdistyksen etu vaatii.<\/li>\n<\/ol>\n<p><a href=\"#\">Takaisin sivun alkuun<\/a><br \/>\n<a id=\"19\"><\/a><\/p>\n<h4>19\u00a7 yhdistyksen mets\u00e4styss\u00e4\u00e4nn\u00f6t ja hirviel\u00e4inten jahtis\u00e4\u00e4nn\u00f6t<\/h4>\n<p>Yhdistyksen yleiset mets\u00e4styss\u00e4\u00e4nn\u00f6t, hirviel\u00e4inten jahtis\u00e4\u00e4nn\u00f6t ja n\u00e4ihin teht\u00e4v\u00e4t muutokset vahvistetaan yhdistyksen kokouksissa.<\/p>\n<p><a href=\"#\">Takaisin sivun alkuun<\/a><br \/>\n<a id=\"20\"><\/a><\/p>\n<h4>20\u00a7 yhdistyksen varojen ja arkiston siirto yhdistyksen purkautuessa<\/h4>\n<p>Jos yhdistys puretaan, k\u00e4ytet\u00e4\u00e4n sen j\u00e4ljelle j\u00e4\u00e4neet varat viimeisen kokouksen p\u00e4\u00e4t\u00f6ksen mukaisesti johonkin yhdistyksen toimintaa l\u00e4hell\u00e4 olevaan tarkoitukseen.<br \/>\nYhdistyksen arkisto siirret\u00e4\u00e4n Suomen Mets\u00e4stysmuseoyhdistys &#8211; Jaktmuseif\u00f6reningen i Finland ry:lle ( = Suomen Mets\u00e4stysmuseo).<br \/>\nYhdistyksen purkautumisesta on teht\u00e4v\u00e4 ilmoitus yhdistysrekisteriviranomaisten lis\u00e4ksi Sievin riistanhoitoyhdistykselle.<\/p>\n<p><a href=\"#\">Takaisin sivun alkuun<\/a><br \/>\n<a id=\"21\"><\/a><\/p>\n<h4>21\u00a7 muuta<\/h4>\n<p>Muutoin noudatettakoon, mit\u00e4 laissa yhdistyksist\u00e4 on s\u00e4\u00e4detty.<\/p>\n<p><a href=\"#\">Takaisin sivun alkuun<\/a><\/p>\n","protected":false},"excerpt":{"rendered":"<p>Joenkyl\u00e4n Mets\u00e4stysyhdistys ry:n s\u00e4\u00e4nn\u00f6t 1\u00a7 Yhdistyksen nimi 2\u00a7 Yhdistyksen tarkoitus 3\u00a7 Yhdistyksen toimintamuodot 4\u00a7 Yhdistyksen j\u00e4senet 5\u00a7 J\u00e4senen velvoitteet ja maksut 6\u00a7 Yhdistyksest\u00e4 eroaminen 7\u00a7 Yhdistyksest\u00e4 erottaminen 8\u00a7 Yhdistyksen varsinaiset ja ylim\u00e4\u00e4r\u00e4iset kokoukset 9\u00a7 Talvikokousasiat 10\u00a7 Kes\u00e4kokousasiat 11\u00a7 Yhdistyksen ylim\u00e4\u00e4r\u00e4inen kokous 12\u00a7 P\u00f6yt\u00e4kirjan pit\u00e4minen 13\u00a7 Yhdistyksen p\u00e4\u00e4t\u00f6ksentekoj\u00e4rjestys 14\u00a7 Yhdistyksen tili- ja toimintavuosi 15\u00a7 Yhdistyksen johtokunta &hellip; <a href=\"https:\/\/www.jomy.fi\/index.php\/saannot\/\" class=\"more-link\">Jatka lukemista<span class=\"screen-reader-text\"> &#8221;S\u00e4\u00e4nn\u00f6t&#8221;<\/span><\/a><\/p>\n","protected":false},"author":1,"featured_media":0,"parent":0,"menu_order":0,"comment_status":"closed","ping_status":"closed","template":"","meta":{"jetpack_post_was_ever_published":false,"footnotes":""},"class_list":["post-762","page","type-page","status-publish","hentry"],"jetpack_shortlink":"https:\/\/wp.me\/P73y4x-ci","jetpack-related-posts":[{"id":876,"url":"https:\/\/www.jomy.fi\/index.php\/tietosuojaseloste\/","url_meta":{"origin":762,"position":0},"title":"Tietosuojaseloste","author":"Simo Hakala","date":"joulukuun 11. 2018","format":false,"excerpt":"Keit\u00e4 olemme JoMY.fi on Joenkyl\u00e4n Mets\u00e4stysyhdistys ry:n virallinen www-sivusto. Verkkosivustomme osoite on: http:\/\/www.jomy.fi. Mit\u00e4 henkil\u00f6tietoa ker\u00e4\u00e4mme ja miksi Kommentit Kun sivuston k\u00e4ytt\u00e4j\u00e4t j\u00e4tt\u00e4v\u00e4t kommentteja sivustolle, ker\u00e4\u00e4mme kommenttilomakkeessa olevat tiedot, sek\u00e4 k\u00e4ytt\u00e4j\u00e4n IP-osoitteen ja selaimen versiotiedot roskaviestien tunnistamisen helpottamiseksi. Kun vierailijat j\u00e4tt\u00e4v\u00e4t kommentin t\u00e4lle sivustolle ker\u00e4\u00e4mme tiedon, joka on n\u00e4kyviss\u00e4 kommentointikentiss\u00e4,\u2026","rel":"","context":"Samankaltainen artikkeli","block_context":{"text":"Samankaltainen artikkeli","link":""},"img":{"alt_text":"","src":"","width":0,"height":0},"classes":[]},{"id":27,"url":"https:\/\/www.jomy.fi\/index.php\/saalisilmoitus\/","url_meta":{"origin":762,"position":1},"title":"Saalisilmoitus","author":"Simo Hakala","date":"joulukuun 20. 2015","format":false,"excerpt":"Ilmoita allaolevaan lomakkeeseen tietosi ja valitse saalisel\u00e4invalikosta saalislajisi. Jos sait useamman samaa lajia, valitse lukum\u00e4\u00e4r\u00e4 lajin vierest\u00e4. Ellei saalislajiasi ole listalla, valitse lajiksi Muu ja kirjoita viestikentt\u00e4\u00e4n tarkemmat tiedot. Muistathan lopuksi painaa L\u00e4het\u00e4-nappia!","rel":"","context":"Samankaltainen artikkeli","block_context":{"text":"Samankaltainen artikkeli","link":""},"img":{"alt_text":"","src":"","width":0,"height":0},"classes":[]},{"id":20,"url":"https:\/\/www.jomy.fi\/index.php\/linkkeja\/","url_meta":{"origin":762,"position":2},"title":"Linkkej\u00e4","author":"Simo Hakala","date":"joulukuun 20. 2015","format":false,"excerpt":"Suomen Riistakeskus Suomen Mets\u00e4st\u00e4j\u00e4liitto \u00a0\u00a0\u00a0 Suomen suurin vapaaehtoiseen j\u00e4senyyteen perustuva mets\u00e4st\u00e4jien etuj\u00e4rjest\u00f6 Eralle.net \u00a0\u00a0\u00a0 Suomen suurin ja aktiivisin mets\u00e4stysfoorumi Metsastys.com \u00a0\u00a0\u00a0 mets\u00e4stysportaali \u00a0 Jousimets\u00e4stys Sievin Jousimets\u00e4st\u00e4j\u00e4t ry (SJM) Perinnejousimets\u00e4st\u00e4j\u00e4in Liitto (PML) Suomen Jousimets\u00e4st\u00e4j\u00e4in Liitto ry (SJML) European Bowhunting Federation (EBF) National Bowhunter Education Foundation (NBEF) \u00a0 Voit ehdottaa lis\u00e4\u00e4 linkkivinkkej\u00e4\u2026","rel":"","context":"Samankaltainen artikkeli","block_context":{"text":"Samankaltainen artikkeli","link":""},"img":{"alt_text":"","src":"","width":0,"height":0},"classes":[]}],"jetpack_sharing_enabled":true,"_links":{"self":[{"href":"https:\/\/www.jomy.fi\/index.php\/wp-json\/wp\/v2\/pages\/762","targetHints":{"allow":["GET"]}}],"collection":[{"href":"https:\/\/www.jomy.fi\/index.php\/wp-json\/wp\/v2\/pages"}],"about":[{"href":"https:\/\/www.jomy.fi\/index.php\/wp-json\/wp\/v2\/types\/page"}],"author":[{"embeddable":true,"href":"https:\/\/www.jomy.fi\/index.php\/wp-json\/wp\/v2\/users\/1"}],"replies":[{"embeddable":true,"href":"https:\/\/www.jomy.fi\/index.php\/wp-json\/wp\/v2\/comments?post=762"}],"version-history":[{"count":21,"href":"https:\/\/www.jomy.fi\/index.php\/wp-json\/wp\/v2\/pages\/762\/revisions"}],"predecessor-version":[{"id":784,"href":"https:\/\/www.jomy.fi\/index.php\/wp-json\/wp\/v2\/pages\/762\/revisions\/784"}],"wp:attachment":[{"href":"https:\/\/www.jomy.fi\/index.php\/wp-json\/wp\/v2\/media?parent=762"}],"curies":[{"name":"wp","href":"https:\/\/api.w.org\/{rel}","templated":true}]}}