{"id":27,"date":"2015-12-20T23:40:42","date_gmt":"2015-12-20T21:40:42","guid":{"rendered":"http:\/\/testi.jomy.fi\/?page_id=27"},"modified":"2016-01-30T14:01:54","modified_gmt":"2016-01-30T12:01:54","slug":"saalisilmoitus","status":"publish","type":"page","link":"https:\/\/www.jomy.fi\/index.php\/saalisilmoitus\/","title":{"rendered":"Saalisilmoitus"},"content":{"rendered":"<p style=\"text-align: justify;\">Ilmoita allaolevaan lomakkeeseen tietosi ja valitse saalisel\u00e4invalikosta saalislajisi. Jos sait useamman samaa lajia, valitse lukum\u00e4\u00e4r\u00e4 lajin vierest\u00e4. Ellei saalislajiasi ole listalla, valitse lajiksi <em>Muu<\/em> ja kirjoita viestikentt\u00e4\u00e4n tarkemmat tiedot.<br \/>\n<strong>Muistathan lopuksi painaa <em>L\u00e4het\u00e4<\/em>-nappia!<\/strong><\/p>\n\n<div class=\"wpcf7 no-js\" id=\"wpcf7-f28-o1\" lang=\"fi\" dir=\"ltr\" data-wpcf7-id=\"28\">\n<div class=\"screen-reader-response\"><p role=\"status\" aria-live=\"polite\" aria-atomic=\"true\"><\/p> <ul><\/ul><\/div>\n<form action=\"\/index.php\/wp-json\/wp\/v2\/pages\/27#wpcf7-f28-o1\" method=\"post\" class=\"wpcf7-form init\" aria-label=\"Yhteydenottolomake\" novalidate=\"novalidate\" data-status=\"init\">\n<fieldset class=\"hidden-fields-container\"><input type=\"hidden\" name=\"_wpcf7\" value=\"28\" \/><input type=\"hidden\" name=\"_wpcf7_version\" value=\"6.1.1\" \/><input type=\"hidden\" name=\"_wpcf7_locale\" value=\"fi\" \/><input type=\"hidden\" name=\"_wpcf7_unit_tag\" value=\"wpcf7-f28-o1\" \/><input type=\"hidden\" name=\"_wpcf7_container_post\" value=\"0\" \/><input type=\"hidden\" name=\"_wpcf7_posted_data_hash\" value=\"\" \/><input type=\"hidden\" name=\"_wpcf7_recaptcha_response\" value=\"\" \/>\n<\/fieldset>\n<p>Nimi (pakollinen)\n<\/p>\n<p><span class=\"wpcf7-form-control-wrap\" data-name=\"your-name\"><input size=\"40\" maxlength=\"400\" class=\"wpcf7-form-control wpcf7-text wpcf7-validates-as-required\" aria-required=\"true\" aria-invalid=\"false\" value=\"\" type=\"text\" name=\"your-name\" \/><\/span>\n<\/p>\n<p>S\u00e4hk\u00f6posti (pakollinen)\n<\/p>\n<p><span class=\"wpcf7-form-control-wrap\" data-name=\"your-email\"><input size=\"40\" maxlength=\"400\" class=\"wpcf7-form-control wpcf7-email wpcf7-validates-as-required wpcf7-text wpcf7-validates-as-email\" aria-required=\"true\" aria-invalid=\"false\" value=\"\" type=\"email\" name=\"your-email\" \/><\/span>\n<\/p>\n<p>J\u00e4sennumero\n<\/p>\n<p><span class=\"wpcf7-form-control-wrap\" data-name=\"jasennro\"><input size=\"40\" maxlength=\"400\" class=\"wpcf7-form-control wpcf7-text\" aria-invalid=\"false\" value=\"\" type=\"text\" name=\"jasennro\" \/><\/span>\n<\/p>\n<p>Saalisel\u00e4in (pakollinen)\n<\/p>\n<p><span class=\"wpcf7-form-control-wrap\" data-name=\"saalis1\"><select class=\"wpcf7-form-control wpcf7-select wpcf7-validates-as-required\" aria-required=\"true\" aria-invalid=\"false\" name=\"saalis1\"><option value=\"\">&#8212;Valitse vaihtoehto&#8212;<\/option><option value=\"Ei saalista\">Ei saalista<\/option><option value=\"Alli\">Alli<\/option><option value=\"Euroopanmajava\">Euroopanmajava<\/option><option value=\"Fasaani\">Fasaani<\/option><option value=\"Ilves\">Ilves<\/option><option value=\"Isokoskelo\">Isokoskelo<\/option><option value=\"Haahka\">Haahka<\/option><option value=\"Haapana\">Haapana<\/option><option value=\"Hein\u00e4sorsa\">Hein\u00e4sorsa<\/option><option value=\"Hilleri\">Hilleri<\/option><option value=\"Hirvi\">Hirvi<\/option><option value=\"Jouhisorsa\">Jouhisorsa<\/option><option value=\"Kanadanhanhi\">Kanadanhanhi<\/option><option value=\"Kanadanmajava\">Kanadanmajava<\/option><option value=\"Karhu\">Karhu<\/option><option value=\"Kettu\">Kettu<\/option><option value=\"Kiiruna\">Kiiruna<\/option><option value=\"Kuusipeura\">Kuusipeura<\/option><option value=\"K\u00e4rpp\u00e4\">K\u00e4rpp\u00e4<\/option><option value=\"Lapasorsa\">Lapasorsa<\/option><option value=\"Lehtokurppa\">Lehtokurppa<\/option><option value=\"Merihanhi\">Merihanhi<\/option><option value=\"Metso\">Metso<\/option><option value=\"Mets\u00e4hanhi\">Mets\u00e4hanhi<\/option><option value=\"Mets\u00e4j\u00e4nis\">Mets\u00e4j\u00e4nis<\/option><option value=\"Mets\u00e4kauris\">Mets\u00e4kauris<\/option><option value=\"Mets\u00e4peura\">Mets\u00e4peura<\/option><option value=\"Minkki\">Minkki<\/option><option value=\"Mufloni\">Mufloni<\/option><option value=\"M\u00e4yr\u00e4\">M\u00e4yr\u00e4<\/option><option value=\"Nokikana\">Nokikana<\/option><option value=\"N\u00e4\u00e4t\u00e4\">N\u00e4\u00e4t\u00e4<\/option><option value=\"Orava\">Orava<\/option><option value=\"Peltopyy\">Peltopyy<\/option><option value=\"Piisami\">Piisami<\/option><option value=\"Punasotka\">Punasotka<\/option><option value=\"Pyy\">Pyy<\/option><option value=\"Riekko\">Riekko<\/option><option value=\"Rusakko\">Rusakko<\/option><option value=\"Sepelkyyhky\">Sepelkyyhky<\/option><option value=\"Supikoira\">Supikoira<\/option><option value=\"Susi\">Susi<\/option><option value=\"Tarhattu naali\">Tarhattu naali<\/option><option value=\"Tavi\">Tavi<\/option><option value=\"Teeri\">Teeri<\/option><option value=\"Telkk\u00e4\">Telkk\u00e4<\/option><option value=\"Tukkakoskelo\">Tukkakoskelo<\/option><option value=\"Tukkasotka\">Tukkasotka<\/option><option value=\"Valkoh\u00e4nt\u00e4peura\">Valkoh\u00e4nt\u00e4peura<\/option><option value=\"Villikani\">Villikani<\/option><option value=\"Villisika\">Villisika<\/option><option value=\"Muu\">Muu<\/option><\/select><\/span><span class=\"wpcf7-form-control-wrap\" data-name=\"saalis1kpl\"><select class=\"wpcf7-form-control wpcf7-select\" aria-invalid=\"false\" name=\"saalis1kpl\"><option value=\"0\">0<\/option><option value=\"1\">1<\/option><option value=\"2\">2<\/option><option value=\"3\">3<\/option><option value=\"4\">4<\/option><option value=\"5\">5<\/option><option value=\"6\">6<\/option><option value=\"7\">7<\/option><option value=\"8\">8<\/option><option value=\"9\">9<\/option><option value=\"10\">10<\/option><option value=\"11\">11<\/option><option value=\"12\">12<\/option><option value=\"13\">13<\/option><option value=\"14\">14<\/option><option value=\"15\">15<\/option><option value=\"16\">16<\/option><option value=\"17\">17<\/option><option value=\"18\">18<\/option><option value=\"19\">19<\/option><option value=\"20\">20<\/option><\/select><\/span>kpl\n<\/p>\n<p><span class=\"wpcf7-form-control-wrap\" data-name=\"saalis2\"><select class=\"wpcf7-form-control wpcf7-select\" aria-invalid=\"false\" name=\"saalis2\"><option value=\"\">&#8212;Valitse vaihtoehto&#8212;<\/option><option value=\"Alli\">Alli<\/option><option value=\"Euroopanmajava\">Euroopanmajava<\/option><option value=\"Fasaani\">Fasaani<\/option><option value=\"Ilves\">Ilves<\/option><option value=\"Isokoskelo\">Isokoskelo<\/option><option value=\"Haahka\">Haahka<\/option><option value=\"Haapana\">Haapana<\/option><option value=\"Hein\u00e4sorsa\">Hein\u00e4sorsa<\/option><option value=\"Hilleri\">Hilleri<\/option><option value=\"Hirvi\">Hirvi<\/option><option value=\"Jouhisorsa\">Jouhisorsa<\/option><option value=\"Kanadanhanhi\">Kanadanhanhi<\/option><option value=\"Kanadanmajava\">Kanadanmajava<\/option><option value=\"Karhu\">Karhu<\/option><option value=\"Kettu\">Kettu<\/option><option value=\"Kiiruna\">Kiiruna<\/option><option value=\"Kuusipeura\">Kuusipeura<\/option><option value=\"K\u00e4rpp\u00e4\">K\u00e4rpp\u00e4<\/option><option value=\"Lapasorsa\">Lapasorsa<\/option><option value=\"Lehtokurppa\">Lehtokurppa<\/option><option value=\"Merihanhi\">Merihanhi<\/option><option value=\"Metso\">Metso<\/option><option value=\"Mets\u00e4hanhi\">Mets\u00e4hanhi<\/option><option value=\"Mets\u00e4j\u00e4nis\">Mets\u00e4j\u00e4nis<\/option><option value=\"Mets\u00e4kauris\">Mets\u00e4kauris<\/option><option value=\"Mets\u00e4peura\">Mets\u00e4peura<\/option><option value=\"Minkki\">Minkki<\/option><option value=\"Mufloni\">Mufloni<\/option><option value=\"M\u00e4yr\u00e4\">M\u00e4yr\u00e4<\/option><option value=\"Nokikana\">Nokikana<\/option><option value=\"N\u00e4\u00e4t\u00e4\">N\u00e4\u00e4t\u00e4<\/option><option value=\"Orava\">Orava<\/option><option value=\"Peltopyy\">Peltopyy<\/option><option value=\"Piisami\">Piisami<\/option><option value=\"Punasotka\">Punasotka<\/option><option value=\"Pyy\">Pyy<\/option><option value=\"Riekko\">Riekko<\/option><option value=\"Rusakko\">Rusakko<\/option><option value=\"Sepelkyyhky\">Sepelkyyhky<\/option><option value=\"Supikoira\">Supikoira<\/option><option value=\"Susi\">Susi<\/option><option value=\"Tarhattu naali\">Tarhattu naali<\/option><option value=\"Tavi\">Tavi<\/option><option value=\"Teeri\">Teeri<\/option><option value=\"Telkk\u00e4\">Telkk\u00e4<\/option><option value=\"Tukkakoskelo\">Tukkakoskelo<\/option><option value=\"Tukkasotka\">Tukkasotka<\/option><option value=\"Valkoh\u00e4nt\u00e4peura\">Valkoh\u00e4nt\u00e4peura<\/option><option value=\"Villikani\">Villikani<\/option><option value=\"Villisika\">Villisika<\/option><option value=\"Muu\">Muu<\/option><\/select><\/span><span class=\"wpcf7-form-control-wrap\" data-name=\"saalis2kpl\"><select class=\"wpcf7-form-control wpcf7-select\" aria-invalid=\"false\" name=\"saalis2kpl\"><option value=\"0\">0<\/option><option value=\"1\">1<\/option><option value=\"2\">2<\/option><option value=\"3\">3<\/option><option value=\"4\">4<\/option><option value=\"5\">5<\/option><option value=\"6\">6<\/option><option value=\"7\">7<\/option><option value=\"8\">8<\/option><option value=\"9\">9<\/option><option value=\"10\">10<\/option><option value=\"11\">11<\/option><option value=\"12\">12<\/option><option value=\"13\">13<\/option><option value=\"14\">14<\/option><option value=\"15\">15<\/option><option value=\"16\">16<\/option><option value=\"17\">17<\/option><option value=\"18\">18<\/option><option value=\"19\">19<\/option><option value=\"20\">20<\/option><\/select><\/span>kpl\n<\/p>\n<p><span class=\"wpcf7-form-control-wrap\" data-name=\"saalis3\"><select class=\"wpcf7-form-control wpcf7-select\" aria-invalid=\"false\" name=\"saalis3\"><option value=\"\">&#8212;Valitse vaihtoehto&#8212;<\/option><option value=\"Alli\">Alli<\/option><option value=\"Euroopanmajava\">Euroopanmajava<\/option><option value=\"Fasaani\">Fasaani<\/option><option value=\"Ilves\">Ilves<\/option><option value=\"Isokoskelo\">Isokoskelo<\/option><option value=\"Haahka\">Haahka<\/option><option value=\"Haapana\">Haapana<\/option><option value=\"Hein\u00e4sorsa\">Hein\u00e4sorsa<\/option><option value=\"Hilleri\">Hilleri<\/option><option value=\"Hirvi\">Hirvi<\/option><option value=\"Jouhisorsa\">Jouhisorsa<\/option><option value=\"Kanadanhanhi\">Kanadanhanhi<\/option><option value=\"Kanadanmajava\">Kanadanmajava<\/option><option value=\"Karhu\">Karhu<\/option><option value=\"Kettu\">Kettu<\/option><option value=\"Kiiruna\">Kiiruna<\/option><option value=\"Kuusipeura\">Kuusipeura<\/option><option value=\"K\u00e4rpp\u00e4\">K\u00e4rpp\u00e4<\/option><option value=\"Lapasorsa\">Lapasorsa<\/option><option value=\"Lehtokurppa\">Lehtokurppa<\/option><option value=\"Merihanhi\">Merihanhi<\/option><option value=\"Metso\">Metso<\/option><option value=\"Mets\u00e4hanhi\">Mets\u00e4hanhi<\/option><option value=\"Mets\u00e4j\u00e4nis\">Mets\u00e4j\u00e4nis<\/option><option value=\"Mets\u00e4kauris\">Mets\u00e4kauris<\/option><option value=\"Mets\u00e4peura\">Mets\u00e4peura<\/option><option value=\"Minkki\">Minkki<\/option><option value=\"Mufloni\">Mufloni<\/option><option value=\"M\u00e4yr\u00e4\">M\u00e4yr\u00e4<\/option><option value=\"Nokikana\">Nokikana<\/option><option value=\"N\u00e4\u00e4t\u00e4\">N\u00e4\u00e4t\u00e4<\/option><option value=\"Orava\">Orava<\/option><option value=\"Peltopyy\">Peltopyy<\/option><option value=\"Piisami\">Piisami<\/option><option value=\"Punasotka\">Punasotka<\/option><option value=\"Pyy\">Pyy<\/option><option value=\"Riekko\">Riekko<\/option><option value=\"Rusakko\">Rusakko<\/option><option value=\"Sepelkyyhky\">Sepelkyyhky<\/option><option value=\"Supikoira\">Supikoira<\/option><option value=\"Susi\">Susi<\/option><option value=\"Tarhattu naali\">Tarhattu naali<\/option><option value=\"Tavi\">Tavi<\/option><option value=\"Teeri\">Teeri<\/option><option value=\"Telkk\u00e4\">Telkk\u00e4<\/option><option value=\"Tukkakoskelo\">Tukkakoskelo<\/option><option value=\"Tukkasotka\">Tukkasotka<\/option><option value=\"Valkoh\u00e4nt\u00e4peura\">Valkoh\u00e4nt\u00e4peura<\/option><option value=\"Villikani\">Villikani<\/option><option value=\"Villisika\">Villisika<\/option><option value=\"Muu\">Muu<\/option><\/select><\/span><span class=\"wpcf7-form-control-wrap\" data-name=\"saalis3kpl\"><select class=\"wpcf7-form-control wpcf7-select\" aria-invalid=\"false\" name=\"saalis3kpl\"><option value=\"0\">0<\/option><option value=\"1\">1<\/option><option value=\"2\">2<\/option><option value=\"3\">3<\/option><option value=\"4\">4<\/option><option value=\"5\">5<\/option><option value=\"6\">6<\/option><option value=\"7\">7<\/option><option value=\"8\">8<\/option><option value=\"9\">9<\/option><option value=\"10\">10<\/option><option value=\"11\">11<\/option><option value=\"12\">12<\/option><option value=\"13\">13<\/option><option value=\"14\">14<\/option><option value=\"15\">15<\/option><option value=\"16\">16<\/option><option value=\"17\">17<\/option><option value=\"18\">18<\/option><option value=\"19\">19<\/option><option value=\"20\">20<\/option><\/select><\/span>kpl\n<\/p>\n<p>Viesti\n<\/p>\n<p><span class=\"wpcf7-form-control-wrap\" data-name=\"viesti\"><textarea cols=\"40\" rows=\"10\" maxlength=\"2000\" class=\"wpcf7-form-control wpcf7-textarea\" aria-invalid=\"false\" placeholder=\"T\u00e4h\u00e4n voit halutessasi j\u00e4tt\u00e4\u00e4 vapaamuotoisen viestin tai tarkennuksen saalisilmoituksesta.\" name=\"viesti\"><\/textarea><\/span>\n<\/p>\n<p><input class=\"wpcf7-form-control wpcf7-submit has-spinner\" type=\"submit\" value=\"L\u00e4het\u00e4\" \/>\n<\/p><p style=\"display: none !important;\" class=\"akismet-fields-container\" data-prefix=\"_wpcf7_ak_\"><label>&#916;<textarea name=\"_wpcf7_ak_hp_textarea\" cols=\"45\" rows=\"8\" maxlength=\"100\"><\/textarea><\/label><input type=\"hidden\" id=\"ak_js_1\" name=\"_wpcf7_ak_js\" value=\"162\"\/><script>document.getElementById( \"ak_js_1\" ).setAttribute( \"value\", ( new Date() ).getTime() );<\/script><\/p><div class=\"wpcf7-response-output\" aria-hidden=\"true\"><\/div>\n<\/form>\n<\/div>\n\n","protected":false},"excerpt":{"rendered":"<p>Ilmoita allaolevaan lomakkeeseen tietosi ja valitse saalisel\u00e4invalikosta saalislajisi. Jos sait useamman samaa lajia, valitse lukum\u00e4\u00e4r\u00e4 lajin vierest\u00e4. Ellei saalislajiasi ole listalla, valitse lajiksi Muu ja kirjoita viestikentt\u00e4\u00e4n tarkemmat tiedot. Muistathan lopuksi painaa L\u00e4het\u00e4-nappia!<\/p>\n","protected":false},"author":1,"featured_media":0,"parent":0,"menu_order":0,"comment_status":"closed","ping_status":"closed","template":"","meta":{"jetpack_post_was_ever_published":false,"footnotes":""},"class_list":["post-27","page","type-page","status-publish","hentry"],"jetpack_shortlink":"https:\/\/wp.me\/P73y4x-r","jetpack-related-posts":[{"id":762,"url":"https:\/\/www.jomy.fi\/index.php\/saannot\/","url_meta":{"origin":27,"position":0},"title":"S\u00e4\u00e4nn\u00f6t","author":"Simo Hakala","date":"tammikuun 20. 2018","format":false,"excerpt":"Joenkyl\u00e4n Mets\u00e4stysyhdistys ry:n s\u00e4\u00e4nn\u00f6t 1\u00a7 Yhdistyksen nimi 2\u00a7 Yhdistyksen tarkoitus 3\u00a7 Yhdistyksen toimintamuodot 4\u00a7 Yhdistyksen j\u00e4senet 5\u00a7 J\u00e4senen velvoitteet ja maksut 6\u00a7 Yhdistyksest\u00e4 eroaminen 7\u00a7 Yhdistyksest\u00e4 erottaminen 8\u00a7 Yhdistyksen varsinaiset ja ylim\u00e4\u00e4r\u00e4iset kokoukset 9\u00a7 Talvikokousasiat 10\u00a7 Kes\u00e4kokousasiat 11\u00a7 Yhdistyksen ylim\u00e4\u00e4r\u00e4inen kokous 12\u00a7 P\u00f6yt\u00e4kirjan pit\u00e4minen 13\u00a7 Yhdistyksen p\u00e4\u00e4t\u00f6ksentekoj\u00e4rjestys 14\u00a7 Yhdistyksen tili-\u2026","rel":"","context":"Samankaltainen artikkeli","block_context":{"text":"Samankaltainen artikkeli","link":""},"img":{"alt_text":"","src":"","width":0,"height":0},"classes":[]},{"id":876,"url":"https:\/\/www.jomy.fi\/index.php\/tietosuojaseloste\/","url_meta":{"origin":27,"position":1},"title":"Tietosuojaseloste","author":"Simo Hakala","date":"joulukuun 11. 2018","format":false,"excerpt":"Keit\u00e4 olemme JoMY.fi on Joenkyl\u00e4n Mets\u00e4stysyhdistys ry:n virallinen www-sivusto. Verkkosivustomme osoite on: http:\/\/www.jomy.fi. Mit\u00e4 henkil\u00f6tietoa ker\u00e4\u00e4mme ja miksi Kommentit Kun sivuston k\u00e4ytt\u00e4j\u00e4t j\u00e4tt\u00e4v\u00e4t kommentteja sivustolle, ker\u00e4\u00e4mme kommenttilomakkeessa olevat tiedot, sek\u00e4 k\u00e4ytt\u00e4j\u00e4n IP-osoitteen ja selaimen versiotiedot roskaviestien tunnistamisen helpottamiseksi. Kun vierailijat j\u00e4tt\u00e4v\u00e4t kommentin t\u00e4lle sivustolle ker\u00e4\u00e4mme tiedon, joka on n\u00e4kyviss\u00e4 kommentointikentiss\u00e4,\u2026","rel":"","context":"Samankaltainen artikkeli","block_context":{"text":"Samankaltainen artikkeli","link":""},"img":{"alt_text":"","src":"","width":0,"height":0},"classes":[]},{"id":20,"url":"https:\/\/www.jomy.fi\/index.php\/linkkeja\/","url_meta":{"origin":27,"position":2},"title":"Linkkej\u00e4","author":"Simo Hakala","date":"joulukuun 20. 2015","format":false,"excerpt":"Suomen Riistakeskus Suomen Mets\u00e4st\u00e4j\u00e4liitto \u00a0\u00a0\u00a0 Suomen suurin vapaaehtoiseen j\u00e4senyyteen perustuva mets\u00e4st\u00e4jien etuj\u00e4rjest\u00f6 Eralle.net \u00a0\u00a0\u00a0 Suomen suurin ja aktiivisin mets\u00e4stysfoorumi Metsastys.com \u00a0\u00a0\u00a0 mets\u00e4stysportaali \u00a0 Jousimets\u00e4stys Sievin Jousimets\u00e4st\u00e4j\u00e4t ry (SJM) Perinnejousimets\u00e4st\u00e4j\u00e4in Liitto (PML) Suomen Jousimets\u00e4st\u00e4j\u00e4in Liitto ry (SJML) European Bowhunting Federation (EBF) National Bowhunter Education Foundation (NBEF) \u00a0 Voit ehdottaa lis\u00e4\u00e4 linkkivinkkej\u00e4\u2026","rel":"","context":"Samankaltainen artikkeli","block_context":{"text":"Samankaltainen artikkeli","link":""},"img":{"alt_text":"","src":"","width":0,"height":0},"classes":[]}],"jetpack_sharing_enabled":true,"_links":{"self":[{"href":"https:\/\/www.jomy.fi\/index.php\/wp-json\/wp\/v2\/pages\/27","targetHints":{"allow":["GET"]}}],"collection":[{"href":"https:\/\/www.jomy.fi\/index.php\/wp-json\/wp\/v2\/pages"}],"about":[{"href":"https:\/\/www.jomy.fi\/index.php\/wp-json\/wp\/v2\/types\/page"}],"author":[{"embeddable":true,"href":"https:\/\/www.jomy.fi\/index.php\/wp-json\/wp\/v2\/users\/1"}],"replies":[{"embeddable":true,"href":"https:\/\/www.jomy.fi\/index.php\/wp-json\/wp\/v2\/comments?post=27"}],"version-history":[{"count":5,"href":"https:\/\/www.jomy.fi\/index.php\/wp-json\/wp\/v2\/pages\/27\/revisions"}],"predecessor-version":[{"id":694,"href":"https:\/\/www.jomy.fi\/index.php\/wp-json\/wp\/v2\/pages\/27\/revisions\/694"}],"wp:attachment":[{"href":"https:\/\/www.jomy.fi\/index.php\/wp-json\/wp\/v2\/media?parent=27"}],"curies":[{"name":"wp","href":"https:\/\/api.w.org\/{rel}","templated":true}]}}