{"id":20,"date":"2015-12-20T22:32:25","date_gmt":"2015-12-20T20:32:25","guid":{"rendered":"http:\/\/testi.jomy.fi\/?page_id=20"},"modified":"2015-12-20T22:35:52","modified_gmt":"2015-12-20T20:35:52","slug":"linkkeja","status":"publish","type":"page","link":"https:\/\/www.jomy.fi\/index.php\/linkkeja\/","title":{"rendered":"Linkkej\u00e4"},"content":{"rendered":"<div>\n<ul>\n<li><a href=\"http:\/\/www.riista.fi\" target=\"_blank\">Suomen Riistakeskus<\/a><\/li>\n<li><a href=\"http:\/\/www.metsastajaliitto.fi\/\" target=\"_blank\">Suomen Mets\u00e4st\u00e4j\u00e4liitto<\/a><br \/>\n<em>\u00a0\u00a0\u00a0 Suomen suurin vapaaehtoiseen j\u00e4senyyteen perustuva mets\u00e4st\u00e4jien etuj\u00e4rjest\u00f6<\/em><\/li>\n<li><a href=\"http:\/\/www.eralle.net\" target=\"_blank\">Eralle.net<\/a><br \/>\n<em>\u00a0\u00a0\u00a0 Suomen suurin ja aktiivisin mets\u00e4stysfoorumi <\/em><\/li>\n<li><a href=\"http:\/\/www.metsastys.com\/\" target=\"_blank\">Metsastys.com<\/a><br \/>\n<em>\u00a0\u00a0\u00a0 mets\u00e4stysportaali<\/em><\/li>\n<\/ul>\n<\/div>\n<p>&nbsp;<\/p>\n<div>\n<p><strong>Jousimets\u00e4stys<\/strong><\/p>\n<ul>\n<li><a href=\"http:\/\/www.sievinjousimetsastajat.fi\" target=\"_blank\">Sievin Jousimets\u00e4st\u00e4j\u00e4t ry (SJM)<\/a><\/li>\n<li><a href=\"http:\/\/www.perinnejml.fi\/\" target=\"_blank\">Perinnejousimets\u00e4st\u00e4j\u00e4in Liitto (PML)<\/a><\/li>\n<li><a href=\"http:\/\/jousimetsastys.fi\" target=\"_blank\">Suomen Jousimets\u00e4st\u00e4j\u00e4in Liitto ry (SJML)<\/a><\/li>\n<li><a href=\"http:\/\/www.europeanbowhunting.org\/\" target=\"_blank\">European Bowhunting Federation (EBF)<\/a><\/li>\n<li><a href=\"http:\/\/www.nbef.org\/\" target=\"_blank\">National Bowhunter Education Foundation (NBEF)<\/a><\/li>\n<\/ul>\n<\/div>\n<p>&nbsp;<\/p>\n<p>Voit ehdottaa lis\u00e4\u00e4 linkkivinkkej\u00e4 <a href=\"http:\/\/testi.jomy.fi\/index.php\/yhdistys\/#palaute\">yhteydenottolomakkeellamme<\/a>.<\/p>\n","protected":false},"excerpt":{"rendered":"<p>Suomen Riistakeskus Suomen Mets\u00e4st\u00e4j\u00e4liitto \u00a0\u00a0\u00a0 Suomen suurin vapaaehtoiseen j\u00e4senyyteen perustuva mets\u00e4st\u00e4jien etuj\u00e4rjest\u00f6 Eralle.net \u00a0\u00a0\u00a0 Suomen suurin ja aktiivisin mets\u00e4stysfoorumi Metsastys.com \u00a0\u00a0\u00a0 mets\u00e4stysportaali &nbsp; Jousimets\u00e4stys Sievin Jousimets\u00e4st\u00e4j\u00e4t ry (SJM) Perinnejousimets\u00e4st\u00e4j\u00e4in Liitto (PML) Suomen Jousimets\u00e4st\u00e4j\u00e4in Liitto ry (SJML) European Bowhunting Federation (EBF) National Bowhunter Education Foundation (NBEF) &nbsp; Voit ehdottaa lis\u00e4\u00e4 linkkivinkkej\u00e4 yhteydenottolomakkeellamme.<\/p>\n","protected":false},"author":1,"featured_media":0,"parent":0,"menu_order":0,"comment_status":"closed","ping_status":"closed","template":"","meta":{"jetpack_post_was_ever_published":false,"footnotes":""},"class_list":["post-20","page","type-page","status-publish","hentry"],"jetpack_shortlink":"https:\/\/wp.me\/P73y4x-k","jetpack-related-posts":[{"id":762,"url":"https:\/\/www.jomy.fi\/index.php\/saannot\/","url_meta":{"origin":20,"position":0},"title":"S\u00e4\u00e4nn\u00f6t","author":"Simo Hakala","date":"tammikuun 20. 2018","format":false,"excerpt":"Joenkyl\u00e4n Mets\u00e4stysyhdistys ry:n s\u00e4\u00e4nn\u00f6t 1\u00a7 Yhdistyksen nimi 2\u00a7 Yhdistyksen tarkoitus 3\u00a7 Yhdistyksen toimintamuodot 4\u00a7 Yhdistyksen j\u00e4senet 5\u00a7 J\u00e4senen velvoitteet ja maksut 6\u00a7 Yhdistyksest\u00e4 eroaminen 7\u00a7 Yhdistyksest\u00e4 erottaminen 8\u00a7 Yhdistyksen varsinaiset ja ylim\u00e4\u00e4r\u00e4iset kokoukset 9\u00a7 Talvikokousasiat 10\u00a7 Kes\u00e4kokousasiat 11\u00a7 Yhdistyksen ylim\u00e4\u00e4r\u00e4inen kokous 12\u00a7 P\u00f6yt\u00e4kirjan pit\u00e4minen 13\u00a7 Yhdistyksen p\u00e4\u00e4t\u00f6ksentekoj\u00e4rjestys 14\u00a7 Yhdistyksen tili-\u2026","rel":"","context":"Samankaltainen artikkeli","block_context":{"text":"Samankaltainen artikkeli","link":""},"img":{"alt_text":"","src":"","width":0,"height":0},"classes":[]}],"jetpack_sharing_enabled":true,"_links":{"self":[{"href":"https:\/\/www.jomy.fi\/index.php\/wp-json\/wp\/v2\/pages\/20","targetHints":{"allow":["GET"]}}],"collection":[{"href":"https:\/\/www.jomy.fi\/index.php\/wp-json\/wp\/v2\/pages"}],"about":[{"href":"https:\/\/www.jomy.fi\/index.php\/wp-json\/wp\/v2\/types\/page"}],"author":[{"embeddable":true,"href":"https:\/\/www.jomy.fi\/index.php\/wp-json\/wp\/v2\/users\/1"}],"replies":[{"embeddable":true,"href":"https:\/\/www.jomy.fi\/index.php\/wp-json\/wp\/v2\/comments?post=20"}],"version-history":[{"count":4,"href":"https:\/\/www.jomy.fi\/index.php\/wp-json\/wp\/v2\/pages\/20\/revisions"}],"predecessor-version":[{"id":26,"href":"https:\/\/www.jomy.fi\/index.php\/wp-json\/wp\/v2\/pages\/20\/revisions\/26"}],"wp:attachment":[{"href":"https:\/\/www.jomy.fi\/index.php\/wp-json\/wp\/v2\/media?parent=20"}],"curies":[{"name":"wp","href":"https:\/\/api.w.org\/{rel}","templated":true}]}}