{"id":14,"date":"2022-04-24T20:51:01","date_gmt":"2022-04-24T17:51:01","guid":{"rendered":"http:\/\/testi.jomy.fi\/?page_id=14"},"modified":"2024-07-28T21:46:04","modified_gmt":"2024-07-28T18:46:04","slug":"yhdistys","status":"publish","type":"page","link":"https:\/\/www.jomy.fi\/index.php\/yhdistys\/","title":{"rendered":"Yhteystietoja"},"content":{"rendered":"<h6>Puheenjohtaja<\/h6>\n<p style=\"padding-left: 30px;\">Jaakko Jokitalo<br \/>\nPuh. 045-646 0073<br \/>\n<a href=\"&#x6d;a&#x69;l&#x74;&#111;&#x3a;&#112;u&#x68;e&#x65;&#110;&#x6a;&#111;&#x68;&#116;a&#x6a;a&#x40;&#106;&#x6f;&#109;&#x79;&#x2e;f&#x69;\">&#x70;&#x75;&#x68;&#x65;&#101;&#110;joh&#x74;&#x61;&#x6a;&#x61;&#64;&#106;omy&#x2e;&#x66;&#x69;<\/a><\/p>\n<h6>Varapuheenjohtaja<\/h6>\n<p style=\"padding-left: 30px;\">Seppo Lakanen<br \/>\nPuh. 050-582 3042<br \/>\n<a href=\"&#x6d;&#97;&#x69;&#x6c;&#116;&#x6f;&#x3a;&#118;&#x61;&#x72;&#97;&#x70;&#x75;h&#x65;&#x65;n&#x6a;&#111;h&#x74;&#97;j&#x61;&#64;j&#x6f;&#109;y&#x2e;&#102;i\">&#x76;&#x61;&#x72;&#97;&#112;uh&#x65;&#x65;&#x6e;&#106;&#111;ht&#x61;&#x6a;&#x61;&#64;&#106;om&#x79;&#x2e;&#x66;&#105;<\/a><\/p>\n<h6>Sihteeri<\/h6>\n<p style=\"padding-left: 30px;\">Matias Jokitalo<br \/>\nPuh. 045-316 9748<br \/>\n<a href=\"&#x6d;&#97;i&#x6c;&#x74;&#111;:&#x73;&#105;h&#x74;&#x65;&#101;r&#x69;&#64;j&#x6f;&#x6d;&#121;&#46;&#x66;&#x69;\">s&#105;&#x68;&#x74;&#x65;e&#114;&#x69;&#x40;&#x6a;o&#109;&#x79;&#x2e;&#x66;i<\/a><\/p>\n<h6>Sivuston yll\u00e4pit\u00e4j\u00e4<\/h6>\n<p style=\"padding-left: 30px;\">Simo Hakala<br \/>\nPuh. 040-521 9964<br \/>\n<a href=\"&#109;&#x61;i&#108;&#x74;&#111;&#x3a;y&#108;&#x6c;a&#x70;&#x69;&#116;&#x6f;&#64;&#106;&#x6f;m&#x79;&#x2e;&#102;&#x69;\">y&#108;&#108;&#x61;&#x70;&#x69;&#x74;o&#64;&#106;&#111;&#x6d;&#x79;&#x2e;fi<\/a><\/p>\n<h6>Allaolevalla lomakkeella voit j\u00e4tt\u00e4\u00e4 palautetta:<a id=\"palaute\"><\/a><\/h6>\n\n<div class=\"wpcf7 no-js\" id=\"wpcf7-f12-o1\" lang=\"fi\" dir=\"ltr\" data-wpcf7-id=\"12\">\n<div class=\"screen-reader-response\"><p role=\"status\" aria-live=\"polite\" aria-atomic=\"true\"><\/p> <ul><\/ul><\/div>\n<form action=\"\/index.php\/wp-json\/wp\/v2\/pages\/14#wpcf7-f12-o1\" method=\"post\" class=\"wpcf7-form init\" aria-label=\"Yhteydenottolomake\" novalidate=\"novalidate\" data-status=\"init\">\n<fieldset class=\"hidden-fields-container\"><input type=\"hidden\" name=\"_wpcf7\" value=\"12\" \/><input type=\"hidden\" name=\"_wpcf7_version\" value=\"6.1.1\" \/><input type=\"hidden\" name=\"_wpcf7_locale\" value=\"fi\" \/><input type=\"hidden\" name=\"_wpcf7_unit_tag\" value=\"wpcf7-f12-o1\" \/><input type=\"hidden\" name=\"_wpcf7_container_post\" value=\"0\" \/><input type=\"hidden\" name=\"_wpcf7_posted_data_hash\" value=\"\" \/><input type=\"hidden\" name=\"_wpcf7_recaptcha_response\" value=\"\" \/>\n<\/fieldset>\n<p>Nimi (pakollinen)\n<\/p>\n<p><span class=\"wpcf7-form-control-wrap\" data-name=\"your-name\"><input size=\"40\" maxlength=\"400\" class=\"wpcf7-form-control wpcf7-text wpcf7-validates-as-required\" aria-required=\"true\" aria-invalid=\"false\" value=\"\" type=\"text\" name=\"your-name\" \/><\/span>\n<\/p>\n<p>S\u00e4hk\u00f6posti (pakollinen)\n<\/p>\n<p><span class=\"wpcf7-form-control-wrap\" data-name=\"your-email\"><input size=\"40\" maxlength=\"400\" class=\"wpcf7-form-control wpcf7-email wpcf7-validates-as-required wpcf7-text wpcf7-validates-as-email\" aria-required=\"true\" aria-invalid=\"false\" value=\"\" type=\"email\" name=\"your-email\" \/><\/span>\n<\/p>\n<p>Aihe\n<\/p>\n<p><span class=\"wpcf7-form-control-wrap\" data-name=\"your-subject\"><input size=\"40\" maxlength=\"400\" class=\"wpcf7-form-control wpcf7-text\" aria-invalid=\"false\" value=\"\" type=\"text\" name=\"your-subject\" \/><\/span>\n<\/p>\n<p>Viesti\n<\/p>\n<p><span class=\"wpcf7-form-control-wrap\" data-name=\"your-message\"><textarea cols=\"40\" rows=\"10\" maxlength=\"2000\" class=\"wpcf7-form-control wpcf7-textarea\" aria-invalid=\"false\" name=\"your-message\"><\/textarea><\/span>\n<\/p>\n<p><input class=\"wpcf7-form-control wpcf7-submit has-spinner\" type=\"submit\" value=\"L\u00e4het\u00e4\" \/>\n<\/p><p style=\"display: none !important;\" class=\"akismet-fields-container\" data-prefix=\"_wpcf7_ak_\"><label>&#916;<textarea name=\"_wpcf7_ak_hp_textarea\" cols=\"45\" rows=\"8\" maxlength=\"100\"><\/textarea><\/label><input type=\"hidden\" id=\"ak_js_1\" name=\"_wpcf7_ak_js\" value=\"2\"\/><script>document.getElementById( \"ak_js_1\" ).setAttribute( \"value\", ( new Date() ).getTime() );<\/script><\/p><div class=\"wpcf7-response-output\" aria-hidden=\"true\"><\/div>\n<\/form>\n<\/div>\n\n","protected":false},"excerpt":{"rendered":"<p>Puheenjohtaja Jaakko Jokitalo Puh. 045-646 0073 &#112;&#x75;&#104;&#x65;&#101;&#x6e;&#106;&#x6f;h&#x74;a&#x6a;a&#x40;j&#111;&#x6d;&#121;&#x2e;&#102;&#x69; Varapuheenjohtaja Seppo Lakanen Puh. 050-582 3042 &#x76;&#x61;&#x72;&#x61;&#112;&#117;hee&#x6e;&#x6a;&#x6f;&#x68;&#116;&#97;ja&#64;&#x6a;&#x6f;&#x6d;&#x79;&#46;&#102;&#105; Sihteeri Matias Jokitalo Puh. 045-316 9748 &#x73;&#x69;&#104;te&#x65;&#x72;&#105;&#64;j&#x6f;&#x6d;&#121;&#46;f&#x69; Sivuston yll\u00e4pit\u00e4j\u00e4 Simo Hakala Puh. 040-521 9964 &#x79;&#108;&#108;a&#x70;&#x69;&#116;o&#x40;&#x6a;&#111;my&#x2e;&#102;&#105; Allaolevalla lomakkeella voit j\u00e4tt\u00e4\u00e4 palautetta:<\/p>\n","protected":false},"author":1,"featured_media":0,"parent":0,"menu_order":0,"comment_status":"closed","ping_status":"closed","template":"","meta":{"jetpack_post_was_ever_published":false,"footnotes":""},"class_list":["post-14","page","type-page","status-publish","hentry"],"jetpack_shortlink":"https:\/\/wp.me\/P73y4x-e","jetpack-related-posts":[{"id":762,"url":"https:\/\/www.jomy.fi\/index.php\/saannot\/","url_meta":{"origin":14,"position":0},"title":"S\u00e4\u00e4nn\u00f6t","author":"Simo Hakala","date":"tammikuun 20. 2018","format":false,"excerpt":"Joenkyl\u00e4n Mets\u00e4stysyhdistys ry:n s\u00e4\u00e4nn\u00f6t 1\u00a7 Yhdistyksen nimi 2\u00a7 Yhdistyksen tarkoitus 3\u00a7 Yhdistyksen toimintamuodot 4\u00a7 Yhdistyksen j\u00e4senet 5\u00a7 J\u00e4senen velvoitteet ja maksut 6\u00a7 Yhdistyksest\u00e4 eroaminen 7\u00a7 Yhdistyksest\u00e4 erottaminen 8\u00a7 Yhdistyksen varsinaiset ja ylim\u00e4\u00e4r\u00e4iset kokoukset 9\u00a7 Talvikokousasiat 10\u00a7 Kes\u00e4kokousasiat 11\u00a7 Yhdistyksen ylim\u00e4\u00e4r\u00e4inen kokous 12\u00a7 P\u00f6yt\u00e4kirjan pit\u00e4minen 13\u00a7 Yhdistyksen p\u00e4\u00e4t\u00f6ksentekoj\u00e4rjestys 14\u00a7 Yhdistyksen tili-\u2026","rel":"","context":"Samankaltainen artikkeli","block_context":{"text":"Samankaltainen artikkeli","link":""},"img":{"alt_text":"","src":"","width":0,"height":0},"classes":[]},{"id":659,"url":"https:\/\/www.jomy.fi\/index.php\/kalenteri\/","url_meta":{"origin":14,"position":1},"title":"Kalenteri","author":"Simo Hakala","date":"joulukuun 21. 2015","format":false,"excerpt":"[my_calendar id=\"my-calendar\"]","rel":"","context":"Samankaltainen artikkeli","block_context":{"text":"Samankaltainen artikkeli","link":""},"img":{"alt_text":"","src":"","width":0,"height":0},"classes":[]},{"id":35,"url":"https:\/\/www.jomy.fi\/index.php\/galleria\/","url_meta":{"origin":14,"position":2},"title":"Galleria","author":"Simo Hakala","date":"joulukuun 20. 2015","format":false,"excerpt":"","rel":"","context":"Samankaltainen artikkeli","block_context":{"text":"Samankaltainen artikkeli","link":""},"img":{"alt_text":"","src":"","width":0,"height":0},"classes":[]},{"id":27,"url":"https:\/\/www.jomy.fi\/index.php\/saalisilmoitus\/","url_meta":{"origin":14,"position":3},"title":"Saalisilmoitus","author":"Simo Hakala","date":"joulukuun 20. 2015","format":false,"excerpt":"Ilmoita allaolevaan lomakkeeseen tietosi ja valitse saalisel\u00e4invalikosta saalislajisi. Jos sait useamman samaa lajia, valitse lukum\u00e4\u00e4r\u00e4 lajin vierest\u00e4. Ellei saalislajiasi ole listalla, valitse lajiksi Muu ja kirjoita viestikentt\u00e4\u00e4n tarkemmat tiedot. Muistathan lopuksi painaa L\u00e4het\u00e4-nappia!","rel":"","context":"Samankaltainen artikkeli","block_context":{"text":"Samankaltainen artikkeli","link":""},"img":{"alt_text":"","src":"","width":0,"height":0},"classes":[]},{"id":20,"url":"https:\/\/www.jomy.fi\/index.php\/linkkeja\/","url_meta":{"origin":14,"position":4},"title":"Linkkej\u00e4","author":"Simo Hakala","date":"joulukuun 20. 2015","format":false,"excerpt":"Suomen Riistakeskus Suomen Mets\u00e4st\u00e4j\u00e4liitto \u00a0\u00a0\u00a0 Suomen suurin vapaaehtoiseen j\u00e4senyyteen perustuva mets\u00e4st\u00e4jien etuj\u00e4rjest\u00f6 Eralle.net \u00a0\u00a0\u00a0 Suomen suurin ja aktiivisin mets\u00e4stysfoorumi Metsastys.com \u00a0\u00a0\u00a0 mets\u00e4stysportaali \u00a0 Jousimets\u00e4stys Sievin Jousimets\u00e4st\u00e4j\u00e4t ry (SJM) Perinnejousimets\u00e4st\u00e4j\u00e4in Liitto (PML) Suomen Jousimets\u00e4st\u00e4j\u00e4in Liitto ry (SJML) European Bowhunting Federation (EBF) National Bowhunter Education Foundation (NBEF) \u00a0 Voit ehdottaa lis\u00e4\u00e4 linkkivinkkej\u00e4\u2026","rel":"","context":"Samankaltainen artikkeli","block_context":{"text":"Samankaltainen artikkeli","link":""},"img":{"alt_text":"","src":"","width":0,"height":0},"classes":[]},{"id":826,"url":"https:\/\/www.jomy.fi\/index.php\/arkisto\/","url_meta":{"origin":14,"position":5},"title":"Arkisto","author":"Simo Hakala","date":"helmikuun 23. 2018","format":false,"excerpt":"Tiedotteet 16.3.2019 hirvikokouksen esityslista, julkaistu etusivulla 21.2.2019 Tiedote 1\/2018, pdf-tiedosto, julkaistu etusivulla 22.2.2018 P\u00f6yt\u00e4kirjat 8.8.2025 kes\u00e4kokouksen p\u00f6yt\u00e4kirja, julkaistu etusivulla 9.9.2025 31.1.2025 talvikokouksen p\u00f6yt\u00e4kirja, julkaistu etusivulla 9.9.2025 9.8.2024 kes\u00e4kokouksen p\u00f6yt\u00e4kirja, julkaistu etusivulla 16.8.2024 11.6.2021 kes\u00e4kokouksen p\u00f6yt\u00e4kirja, julkaistu etusivulla 28.6.2021 31.7.2020 kes\u00e4kokouksen p\u00f6yt\u00e4kirja, julkaistu etusivulla 9.8.2020 31.1.2020 talvikokouksen p\u00f6yt\u00e4kirja, julkaistu etusivulla 4.2.2020\u2026","rel":"","context":"Samankaltainen artikkeli","block_context":{"text":"Samankaltainen artikkeli","link":""},"img":{"alt_text":"","src":"","width":0,"height":0},"classes":[]}],"jetpack_sharing_enabled":true,"_links":{"self":[{"href":"https:\/\/www.jomy.fi\/index.php\/wp-json\/wp\/v2\/pages\/14","targetHints":{"allow":["GET"]}}],"collection":[{"href":"https:\/\/www.jomy.fi\/index.php\/wp-json\/wp\/v2\/pages"}],"about":[{"href":"https:\/\/www.jomy.fi\/index.php\/wp-json\/wp\/v2\/types\/page"}],"author":[{"embeddable":true,"href":"https:\/\/www.jomy.fi\/index.php\/wp-json\/wp\/v2\/users\/1"}],"replies":[{"embeddable":true,"href":"https:\/\/www.jomy.fi\/index.php\/wp-json\/wp\/v2\/comments?post=14"}],"version-history":[{"count":22,"href":"https:\/\/www.jomy.fi\/index.php\/wp-json\/wp\/v2\/pages\/14\/revisions"}],"predecessor-version":[{"id":1214,"href":"https:\/\/www.jomy.fi\/index.php\/wp-json\/wp\/v2\/pages\/14\/revisions\/1214"}],"wp:attachment":[{"href":"https:\/\/www.jomy.fi\/index.php\/wp-json\/wp\/v2\/media?parent=14"}],"curies":[{"name":"wp","href":"https:\/\/api.w.org\/{rel}","templated":true}]}}